{"id":99,"date":"2025-06-19T11:45:34","date_gmt":"2025-06-19T09:45:34","guid":{"rendered":"https:\/\/mbernshaus.eleves.mediamatique.ch\/evenements-majestueux\/?post_type=product&#038;p=99"},"modified":"2025-06-19T13:48:31","modified_gmt":"2025-06-19T11:48:31","slug":"mariage-royal","status":"publish","type":"product","link":"https:\/\/mbernshaus.eleves.mediamatique.ch\/evenements-majestueux\/produit\/mariage-royal\/","title":{"rendered":"Mariage Royal"},"content":{"rendered":"<p>Offrez-vous un mariage digne des contes de f\u00e9es avec notre formule \u00ab\u00a0Mariage Royal\u00a0\u00bb. Nous transformons les salles historiques de Grandson en d\u00e9cors majestueux : d\u00e9coration royale, \u00e9clairages f\u00e9eriques, animations exclusives et photobooth avec tr\u00f4ne royal. Chaque d\u00e9tail est soigneusement orchestr\u00e9 pour une c\u00e9r\u00e9monie unique et inoubliable.<\/p>\n","protected":false},"excerpt":{"rendered":"<p>Mariage somptueux avec d\u00e9coration princi\u00e8re, animations originales et organisation cl\u00e9 en main.<\/p>\n","protected":false},"featured_media":112,"comment_status":"open","ping_status":"closed","template":"","meta":[],"product_brand":[],"product_cat":[17],"product_tag":[],"class_list":{"0":"post-99","1":"product","2":"type-product","3":"status-publish","4":"has-post-thumbnail","6":"product_cat-mariages","8":"first","9":"instock","10":"sale","11":"featured","12":"shipping-taxable","13":"purchasable","14":"product-type-variable","15":"has-default-attributes"},"yoast_head":"<!-- This site is optimized with the Yoast SEO plugin v25.3.1 - https:\/\/yoast.com\/wordpress\/plugins\/seo\/ -->\n<title>Mariage Royal - \u00c9v\u00e9nements Majestueux<\/title>\n<meta name=\"robots\" content=\"noindex, follow, max-snippet:-1, max-image-preview:large, max-video-preview:-1\" \/>\n<meta property=\"og:locale\" content=\"fr_FR\" \/>\n<meta property=\"og:type\" content=\"article\" \/>\n<meta property=\"og:title\" content=\"Mariage Royal - \u00c9v\u00e9nements Majestueux\" \/>\n<meta property=\"og:description\" content=\"Mariage somptueux avec d\u00e9coration princi\u00e8re, animations originales et organisation cl\u00e9 en main.\" \/>\n<meta property=\"og:url\" content=\"https:\/\/mbernshaus.eleves.mediamatique.ch\/evenements-majestueux\/produit\/mariage-royal\/\" \/>\n<meta property=\"og:site_name\" content=\"\u00c9v\u00e9nements Majestueux\" \/>\n<meta property=\"article:modified_time\" content=\"2025-06-19T11:48:31+00:00\" \/>\n<meta property=\"og:image\" content=\"https:\/\/mbernshaus.eleves.mediamatique.ch\/evenements-majestueux\/wp-content\/uploads\/2025\/06\/55553e546ebe7a3cab0c648abbbc2c89.jpg\" \/>\n\t<meta property=\"og:image:width\" content=\"736\" \/>\n\t<meta property=\"og:image:height\" content=\"1250\" \/>\n\t<meta property=\"og:image:type\" content=\"image\/jpeg\" \/>\n<meta name=\"twitter:card\" content=\"summary_large_image\" \/>\n<script type=\"application\/ld+json\" class=\"yoast-schema-graph\">{\"@context\":\"https:\/\/schema.org\",\"@graph\":[{\"@type\":\"WebPage\",\"@id\":\"https:\/\/mbernshaus.eleves.mediamatique.ch\/evenements-majestueux\/produit\/mariage-royal\/\",\"url\":\"https:\/\/mbernshaus.eleves.mediamatique.ch\/evenements-majestueux\/produit\/mariage-royal\/\",\"name\":\"Mariage Royal - \u00c9v\u00e9nements Majestueux\",\"isPartOf\":{\"@id\":\"https:\/\/mbernshaus.eleves.mediamatique.ch\/evenements-majestueux\/#website\"},\"primaryImageOfPage\":{\"@id\":\"https:\/\/mbernshaus.eleves.mediamatique.ch\/evenements-majestueux\/produit\/mariage-royal\/#primaryimage\"},\"image\":{\"@id\":\"https:\/\/mbernshaus.eleves.mediamatique.ch\/evenements-majestueux\/produit\/mariage-royal\/#primaryimage\"},\"thumbnailUrl\":\"https:\/\/mbernshaus.eleves.mediamatique.ch\/evenements-majestueux\/wp-content\/uploads\/2025\/06\/55553e546ebe7a3cab0c648abbbc2c89.jpg\",\"datePublished\":\"2025-06-19T09:45:34+00:00\",\"dateModified\":\"2025-06-19T11:48:31+00:00\",\"breadcrumb\":{\"@id\":\"https:\/\/mbernshaus.eleves.mediamatique.ch\/evenements-majestueux\/produit\/mariage-royal\/#breadcrumb\"},\"inLanguage\":\"fr-FR\",\"potentialAction\":[{\"@type\":\"ReadAction\",\"target\":[\"https:\/\/mbernshaus.eleves.mediamatique.ch\/evenements-majestueux\/produit\/mariage-royal\/\"]}]},{\"@type\":\"ImageObject\",\"inLanguage\":\"fr-FR\",\"@id\":\"https:\/\/mbernshaus.eleves.mediamatique.ch\/evenements-majestueux\/produit\/mariage-royal\/#primaryimage\",\"url\":\"https:\/\/mbernshaus.eleves.mediamatique.ch\/evenements-majestueux\/wp-content\/uploads\/2025\/06\/55553e546ebe7a3cab0c648abbbc2c89.jpg\",\"contentUrl\":\"https:\/\/mbernshaus.eleves.mediamatique.ch\/evenements-majestueux\/wp-content\/uploads\/2025\/06\/55553e546ebe7a3cab0c648abbbc2c89.jpg\",\"width\":736,\"height\":1250},{\"@type\":\"BreadcrumbList\",\"@id\":\"https:\/\/mbernshaus.eleves.mediamatique.ch\/evenements-majestueux\/produit\/mariage-royal\/#breadcrumb\",\"itemListElement\":[{\"@type\":\"ListItem\",\"position\":1,\"name\":\"Accueil\",\"item\":\"https:\/\/mbernshaus.eleves.mediamatique.ch\/evenements-majestueux\/\"},{\"@type\":\"ListItem\",\"position\":2,\"name\":\"Produits\",\"item\":\"https:\/\/mbernshaus.eleves.mediamatique.ch\/evenements-majestueux\/shop\/\"},{\"@type\":\"ListItem\",\"position\":3,\"name\":\"Mariage Royal\"}]},{\"@type\":\"WebSite\",\"@id\":\"https:\/\/mbernshaus.eleves.mediamatique.ch\/evenements-majestueux\/#website\",\"url\":\"https:\/\/mbernshaus.eleves.mediamatique.ch\/evenements-majestueux\/\",\"name\":\"\u00c9v\u00e9nements Majestueux\",\"description\":\"Orchestrez vos moments royaux !\",\"publisher\":{\"@id\":\"https:\/\/mbernshaus.eleves.mediamatique.ch\/evenements-majestueux\/#organization\"},\"potentialAction\":[{\"@type\":\"SearchAction\",\"target\":{\"@type\":\"EntryPoint\",\"urlTemplate\":\"https:\/\/mbernshaus.eleves.mediamatique.ch\/evenements-majestueux\/?s={search_term_string}\"},\"query-input\":{\"@type\":\"PropertyValueSpecification\",\"valueRequired\":true,\"valueName\":\"search_term_string\"}}],\"inLanguage\":\"fr-FR\"},{\"@type\":\"Organization\",\"@id\":\"https:\/\/mbernshaus.eleves.mediamatique.ch\/evenements-majestueux\/#organization\",\"name\":\"\u00c9v\u00e9nements Majestueux\",\"url\":\"https:\/\/mbernshaus.eleves.mediamatique.ch\/evenements-majestueux\/\",\"logo\":{\"@type\":\"ImageObject\",\"inLanguage\":\"fr-FR\",\"@id\":\"https:\/\/mbernshaus.eleves.mediamatique.ch\/evenements-majestueux\/#\/schema\/logo\/image\/\",\"url\":\"https:\/\/mbernshaus.eleves.mediamatique.ch\/evenements-majestueux\/wp-content\/uploads\/2025\/06\/logo_evenements_majestueux.png\",\"contentUrl\":\"https:\/\/mbernshaus.eleves.mediamatique.ch\/evenements-majestueux\/wp-content\/uploads\/2025\/06\/logo_evenements_majestueux.png\",\"width\":500,\"height\":500,\"caption\":\"\u00c9v\u00e9nements Majestueux\"},\"image\":{\"@id\":\"https:\/\/mbernshaus.eleves.mediamatique.ch\/evenements-majestueux\/#\/schema\/logo\/image\/\"}}]}<\/script>\n<!-- \/ Yoast SEO plugin. -->","yoast_head_json":{"title":"Mariage Royal - \u00c9v\u00e9nements Majestueux","robots":{"index":"noindex","follow":"follow","max-snippet":"max-snippet:-1","max-image-preview":"max-image-preview:large","max-video-preview":"max-video-preview:-1"},"og_locale":"fr_FR","og_type":"article","og_title":"Mariage Royal - \u00c9v\u00e9nements Majestueux","og_description":"Mariage somptueux avec d\u00e9coration princi\u00e8re, animations originales et organisation cl\u00e9 en main.","og_url":"https:\/\/mbernshaus.eleves.mediamatique.ch\/evenements-majestueux\/produit\/mariage-royal\/","og_site_name":"\u00c9v\u00e9nements Majestueux","article_modified_time":"2025-06-19T11:48:31+00:00","og_image":[{"width":736,"height":1250,"url":"https:\/\/mbernshaus.eleves.mediamatique.ch\/evenements-majestueux\/wp-content\/uploads\/2025\/06\/55553e546ebe7a3cab0c648abbbc2c89.jpg","type":"image\/jpeg"}],"twitter_card":"summary_large_image","schema":{"@context":"https:\/\/schema.org","@graph":[{"@type":"WebPage","@id":"https:\/\/mbernshaus.eleves.mediamatique.ch\/evenements-majestueux\/produit\/mariage-royal\/","url":"https:\/\/mbernshaus.eleves.mediamatique.ch\/evenements-majestueux\/produit\/mariage-royal\/","name":"Mariage Royal - \u00c9v\u00e9nements Majestueux","isPartOf":{"@id":"https:\/\/mbernshaus.eleves.mediamatique.ch\/evenements-majestueux\/#website"},"primaryImageOfPage":{"@id":"https:\/\/mbernshaus.eleves.mediamatique.ch\/evenements-majestueux\/produit\/mariage-royal\/#primaryimage"},"image":{"@id":"https:\/\/mbernshaus.eleves.mediamatique.ch\/evenements-majestueux\/produit\/mariage-royal\/#primaryimage"},"thumbnailUrl":"https:\/\/mbernshaus.eleves.mediamatique.ch\/evenements-majestueux\/wp-content\/uploads\/2025\/06\/55553e546ebe7a3cab0c648abbbc2c89.jpg","datePublished":"2025-06-19T09:45:34+00:00","dateModified":"2025-06-19T11:48:31+00:00","breadcrumb":{"@id":"https:\/\/mbernshaus.eleves.mediamatique.ch\/evenements-majestueux\/produit\/mariage-royal\/#breadcrumb"},"inLanguage":"fr-FR","potentialAction":[{"@type":"ReadAction","target":["https:\/\/mbernshaus.eleves.mediamatique.ch\/evenements-majestueux\/produit\/mariage-royal\/"]}]},{"@type":"ImageObject","inLanguage":"fr-FR","@id":"https:\/\/mbernshaus.eleves.mediamatique.ch\/evenements-majestueux\/produit\/mariage-royal\/#primaryimage","url":"https:\/\/mbernshaus.eleves.mediamatique.ch\/evenements-majestueux\/wp-content\/uploads\/2025\/06\/55553e546ebe7a3cab0c648abbbc2c89.jpg","contentUrl":"https:\/\/mbernshaus.eleves.mediamatique.ch\/evenements-majestueux\/wp-content\/uploads\/2025\/06\/55553e546ebe7a3cab0c648abbbc2c89.jpg","width":736,"height":1250},{"@type":"BreadcrumbList","@id":"https:\/\/mbernshaus.eleves.mediamatique.ch\/evenements-majestueux\/produit\/mariage-royal\/#breadcrumb","itemListElement":[{"@type":"ListItem","position":1,"name":"Accueil","item":"https:\/\/mbernshaus.eleves.mediamatique.ch\/evenements-majestueux\/"},{"@type":"ListItem","position":2,"name":"Produits","item":"https:\/\/mbernshaus.eleves.mediamatique.ch\/evenements-majestueux\/shop\/"},{"@type":"ListItem","position":3,"name":"Mariage Royal"}]},{"@type":"WebSite","@id":"https:\/\/mbernshaus.eleves.mediamatique.ch\/evenements-majestueux\/#website","url":"https:\/\/mbernshaus.eleves.mediamatique.ch\/evenements-majestueux\/","name":"\u00c9v\u00e9nements Majestueux","description":"Orchestrez vos moments royaux !","publisher":{"@id":"https:\/\/mbernshaus.eleves.mediamatique.ch\/evenements-majestueux\/#organization"},"potentialAction":[{"@type":"SearchAction","target":{"@type":"EntryPoint","urlTemplate":"https:\/\/mbernshaus.eleves.mediamatique.ch\/evenements-majestueux\/?s={search_term_string}"},"query-input":{"@type":"PropertyValueSpecification","valueRequired":true,"valueName":"search_term_string"}}],"inLanguage":"fr-FR"},{"@type":"Organization","@id":"https:\/\/mbernshaus.eleves.mediamatique.ch\/evenements-majestueux\/#organization","name":"\u00c9v\u00e9nements Majestueux","url":"https:\/\/mbernshaus.eleves.mediamatique.ch\/evenements-majestueux\/","logo":{"@type":"ImageObject","inLanguage":"fr-FR","@id":"https:\/\/mbernshaus.eleves.mediamatique.ch\/evenements-majestueux\/#\/schema\/logo\/image\/","url":"https:\/\/mbernshaus.eleves.mediamatique.ch\/evenements-majestueux\/wp-content\/uploads\/2025\/06\/logo_evenements_majestueux.png","contentUrl":"https:\/\/mbernshaus.eleves.mediamatique.ch\/evenements-majestueux\/wp-content\/uploads\/2025\/06\/logo_evenements_majestueux.png","width":500,"height":500,"caption":"\u00c9v\u00e9nements Majestueux"},"image":{"@id":"https:\/\/mbernshaus.eleves.mediamatique.ch\/evenements-majestueux\/#\/schema\/logo\/image\/"}}]}},"_links":{"self":[{"href":"https:\/\/mbernshaus.eleves.mediamatique.ch\/evenements-majestueux\/wp-json\/wp\/v2\/product\/99","targetHints":{"allow":["GET"]}}],"collection":[{"href":"https:\/\/mbernshaus.eleves.mediamatique.ch\/evenements-majestueux\/wp-json\/wp\/v2\/product"}],"about":[{"href":"https:\/\/mbernshaus.eleves.mediamatique.ch\/evenements-majestueux\/wp-json\/wp\/v2\/types\/product"}],"replies":[{"embeddable":true,"href":"https:\/\/mbernshaus.eleves.mediamatique.ch\/evenements-majestueux\/wp-json\/wp\/v2\/comments?post=99"}],"wp:featuredmedia":[{"embeddable":true,"href":"https:\/\/mbernshaus.eleves.mediamatique.ch\/evenements-majestueux\/wp-json\/wp\/v2\/media\/112"}],"wp:attachment":[{"href":"https:\/\/mbernshaus.eleves.mediamatique.ch\/evenements-majestueux\/wp-json\/wp\/v2\/media?parent=99"}],"wp:term":[{"taxonomy":"product_brand","embeddable":true,"href":"https:\/\/mbernshaus.eleves.mediamatique.ch\/evenements-majestueux\/wp-json\/wp\/v2\/product_brand?post=99"},{"taxonomy":"product_cat","embeddable":true,"href":"https:\/\/mbernshaus.eleves.mediamatique.ch\/evenements-majestueux\/wp-json\/wp\/v2\/product_cat?post=99"},{"taxonomy":"product_tag","embeddable":true,"href":"https:\/\/mbernshaus.eleves.mediamatique.ch\/evenements-majestueux\/wp-json\/wp\/v2\/product_tag?post=99"}],"curies":[{"name":"wp","href":"https:\/\/api.w.org\/{rel}","templated":true}]}}