{"id":117,"date":"2025-06-19T12:12:18","date_gmt":"2025-06-19T10:12:18","guid":{"rendered":"https:\/\/mbernshaus.eleves.mediamatique.ch\/evenements-majestueux\/?post_type=product&#038;p=117"},"modified":"2025-06-19T12:12:18","modified_gmt":"2025-06-19T10:12:18","slug":"coaching-evenements-majestueux-cle-en-main-2h","status":"publish","type":"product","link":"https:\/\/mbernshaus.eleves.mediamatique.ch\/evenements-majestueux\/produit\/coaching-evenements-majestueux-cle-en-main-2h\/","title":{"rendered":"Coaching \u00ab\u00a0\u00c9v\u00e9nements Majestueux cl\u00e9 en main\u00a0\u00bb (2h)"},"content":{"rendered":"<p>B\u00e9n\u00e9ficiez des conseils experts de nos planificateurs \u00e9v\u00e9nementiels pour concevoir un mariage ou un gala d\u2019entreprise parfaitement personnalis\u00e9. Chaque s\u00e9ance vous guide pas \u00e0 pas pour \u00e9laborer un \u00e9v\u00e9nement \u00e0 votre image.<\/p>\n","protected":false},"excerpt":{"rendered":"<p>S\u00e9ance de conseil personnalis\u00e9 pour organiser votre \u00e9v\u00e9nement royal.<\/p>\n","protected":false},"featured_media":118,"comment_status":"open","ping_status":"closed","template":"","meta":[],"product_brand":[],"product_cat":[20],"product_tag":[],"class_list":{"0":"post-117","1":"product","2":"type-product","3":"status-publish","4":"has-post-thumbnail","6":"product_cat-coaching-et-conseils","8":"first","9":"instock","10":"virtual","11":"purchasable","12":"product-type-simple"},"yoast_head":"<!-- This site is optimized with the Yoast SEO plugin v25.3.1 - https:\/\/yoast.com\/wordpress\/plugins\/seo\/ -->\n<title>Coaching &quot;\u00c9v\u00e9nements Majestueux cl\u00e9 en main&quot; (2h) - \u00c9v\u00e9nements Majestueux<\/title>\n<meta name=\"robots\" content=\"noindex, follow, max-snippet:-1, max-image-preview:large, max-video-preview:-1\" \/>\n<meta property=\"og:locale\" content=\"fr_FR\" \/>\n<meta property=\"og:type\" content=\"article\" \/>\n<meta property=\"og:title\" content=\"Coaching &quot;\u00c9v\u00e9nements Majestueux cl\u00e9 en main&quot; (2h) - \u00c9v\u00e9nements Majestueux\" \/>\n<meta property=\"og:description\" content=\"S\u00e9ance de conseil personnalis\u00e9 pour organiser votre \u00e9v\u00e9nement royal.\" \/>\n<meta property=\"og:url\" content=\"https:\/\/mbernshaus.eleves.mediamatique.ch\/evenements-majestueux\/produit\/coaching-evenements-majestueux-cle-en-main-2h\/\" \/>\n<meta property=\"og:site_name\" content=\"\u00c9v\u00e9nements Majestueux\" \/>\n<meta property=\"og:image\" content=\"https:\/\/mbernshaus.eleves.mediamatique.ch\/evenements-majestueux\/wp-content\/uploads\/2025\/06\/70540eae520126d2bcef568dfe2b515d.jpg\" \/>\n\t<meta property=\"og:image:width\" content=\"736\" \/>\n\t<meta property=\"og:image:height\" content=\"1104\" \/>\n\t<meta property=\"og:image:type\" content=\"image\/jpeg\" \/>\n<meta name=\"twitter:card\" content=\"summary_large_image\" \/>\n<script type=\"application\/ld+json\" class=\"yoast-schema-graph\">{\"@context\":\"https:\/\/schema.org\",\"@graph\":[{\"@type\":\"WebPage\",\"@id\":\"https:\/\/mbernshaus.eleves.mediamatique.ch\/evenements-majestueux\/produit\/coaching-evenements-majestueux-cle-en-main-2h\/\",\"url\":\"https:\/\/mbernshaus.eleves.mediamatique.ch\/evenements-majestueux\/produit\/coaching-evenements-majestueux-cle-en-main-2h\/\",\"name\":\"Coaching \\\"\u00c9v\u00e9nements Majestueux cl\u00e9 en main\\\" (2h) - \u00c9v\u00e9nements Majestueux\",\"isPartOf\":{\"@id\":\"https:\/\/mbernshaus.eleves.mediamatique.ch\/evenements-majestueux\/#website\"},\"primaryImageOfPage\":{\"@id\":\"https:\/\/mbernshaus.eleves.mediamatique.ch\/evenements-majestueux\/produit\/coaching-evenements-majestueux-cle-en-main-2h\/#primaryimage\"},\"image\":{\"@id\":\"https:\/\/mbernshaus.eleves.mediamatique.ch\/evenements-majestueux\/produit\/coaching-evenements-majestueux-cle-en-main-2h\/#primaryimage\"},\"thumbnailUrl\":\"https:\/\/mbernshaus.eleves.mediamatique.ch\/evenements-majestueux\/wp-content\/uploads\/2025\/06\/70540eae520126d2bcef568dfe2b515d.jpg\",\"datePublished\":\"2025-06-19T10:12:18+00:00\",\"breadcrumb\":{\"@id\":\"https:\/\/mbernshaus.eleves.mediamatique.ch\/evenements-majestueux\/produit\/coaching-evenements-majestueux-cle-en-main-2h\/#breadcrumb\"},\"inLanguage\":\"fr-FR\",\"potentialAction\":[{\"@type\":\"ReadAction\",\"target\":[\"https:\/\/mbernshaus.eleves.mediamatique.ch\/evenements-majestueux\/produit\/coaching-evenements-majestueux-cle-en-main-2h\/\"]}]},{\"@type\":\"ImageObject\",\"inLanguage\":\"fr-FR\",\"@id\":\"https:\/\/mbernshaus.eleves.mediamatique.ch\/evenements-majestueux\/produit\/coaching-evenements-majestueux-cle-en-main-2h\/#primaryimage\",\"url\":\"https:\/\/mbernshaus.eleves.mediamatique.ch\/evenements-majestueux\/wp-content\/uploads\/2025\/06\/70540eae520126d2bcef568dfe2b515d.jpg\",\"contentUrl\":\"https:\/\/mbernshaus.eleves.mediamatique.ch\/evenements-majestueux\/wp-content\/uploads\/2025\/06\/70540eae520126d2bcef568dfe2b515d.jpg\",\"width\":736,\"height\":1104},{\"@type\":\"BreadcrumbList\",\"@id\":\"https:\/\/mbernshaus.eleves.mediamatique.ch\/evenements-majestueux\/produit\/coaching-evenements-majestueux-cle-en-main-2h\/#breadcrumb\",\"itemListElement\":[{\"@type\":\"ListItem\",\"position\":1,\"name\":\"Accueil\",\"item\":\"https:\/\/mbernshaus.eleves.mediamatique.ch\/evenements-majestueux\/\"},{\"@type\":\"ListItem\",\"position\":2,\"name\":\"Produits\",\"item\":\"https:\/\/mbernshaus.eleves.mediamatique.ch\/evenements-majestueux\/shop\/\"},{\"@type\":\"ListItem\",\"position\":3,\"name\":\"Coaching \u00ab\u00a0\u00c9v\u00e9nements Majestueux cl\u00e9 en main\u00a0\u00bb (2h)\"}]},{\"@type\":\"WebSite\",\"@id\":\"https:\/\/mbernshaus.eleves.mediamatique.ch\/evenements-majestueux\/#website\",\"url\":\"https:\/\/mbernshaus.eleves.mediamatique.ch\/evenements-majestueux\/\",\"name\":\"\u00c9v\u00e9nements Majestueux\",\"description\":\"Orchestrez vos moments royaux !\",\"publisher\":{\"@id\":\"https:\/\/mbernshaus.eleves.mediamatique.ch\/evenements-majestueux\/#organization\"},\"potentialAction\":[{\"@type\":\"SearchAction\",\"target\":{\"@type\":\"EntryPoint\",\"urlTemplate\":\"https:\/\/mbernshaus.eleves.mediamatique.ch\/evenements-majestueux\/?s={search_term_string}\"},\"query-input\":{\"@type\":\"PropertyValueSpecification\",\"valueRequired\":true,\"valueName\":\"search_term_string\"}}],\"inLanguage\":\"fr-FR\"},{\"@type\":\"Organization\",\"@id\":\"https:\/\/mbernshaus.eleves.mediamatique.ch\/evenements-majestueux\/#organization\",\"name\":\"\u00c9v\u00e9nements Majestueux\",\"url\":\"https:\/\/mbernshaus.eleves.mediamatique.ch\/evenements-majestueux\/\",\"logo\":{\"@type\":\"ImageObject\",\"inLanguage\":\"fr-FR\",\"@id\":\"https:\/\/mbernshaus.eleves.mediamatique.ch\/evenements-majestueux\/#\/schema\/logo\/image\/\",\"url\":\"https:\/\/mbernshaus.eleves.mediamatique.ch\/evenements-majestueux\/wp-content\/uploads\/2025\/06\/logo_evenements_majestueux.png\",\"contentUrl\":\"https:\/\/mbernshaus.eleves.mediamatique.ch\/evenements-majestueux\/wp-content\/uploads\/2025\/06\/logo_evenements_majestueux.png\",\"width\":500,\"height\":500,\"caption\":\"\u00c9v\u00e9nements Majestueux\"},\"image\":{\"@id\":\"https:\/\/mbernshaus.eleves.mediamatique.ch\/evenements-majestueux\/#\/schema\/logo\/image\/\"}}]}<\/script>\n<!-- \/ Yoast SEO plugin. -->","yoast_head_json":{"title":"Coaching \"\u00c9v\u00e9nements Majestueux cl\u00e9 en main\" (2h) - \u00c9v\u00e9nements Majestueux","robots":{"index":"noindex","follow":"follow","max-snippet":"max-snippet:-1","max-image-preview":"max-image-preview:large","max-video-preview":"max-video-preview:-1"},"og_locale":"fr_FR","og_type":"article","og_title":"Coaching \"\u00c9v\u00e9nements Majestueux cl\u00e9 en main\" (2h) - \u00c9v\u00e9nements Majestueux","og_description":"S\u00e9ance de conseil personnalis\u00e9 pour organiser votre \u00e9v\u00e9nement royal.","og_url":"https:\/\/mbernshaus.eleves.mediamatique.ch\/evenements-majestueux\/produit\/coaching-evenements-majestueux-cle-en-main-2h\/","og_site_name":"\u00c9v\u00e9nements Majestueux","og_image":[{"width":736,"height":1104,"url":"https:\/\/mbernshaus.eleves.mediamatique.ch\/evenements-majestueux\/wp-content\/uploads\/2025\/06\/70540eae520126d2bcef568dfe2b515d.jpg","type":"image\/jpeg"}],"twitter_card":"summary_large_image","schema":{"@context":"https:\/\/schema.org","@graph":[{"@type":"WebPage","@id":"https:\/\/mbernshaus.eleves.mediamatique.ch\/evenements-majestueux\/produit\/coaching-evenements-majestueux-cle-en-main-2h\/","url":"https:\/\/mbernshaus.eleves.mediamatique.ch\/evenements-majestueux\/produit\/coaching-evenements-majestueux-cle-en-main-2h\/","name":"Coaching \"\u00c9v\u00e9nements Majestueux cl\u00e9 en main\" (2h) - \u00c9v\u00e9nements Majestueux","isPartOf":{"@id":"https:\/\/mbernshaus.eleves.mediamatique.ch\/evenements-majestueux\/#website"},"primaryImageOfPage":{"@id":"https:\/\/mbernshaus.eleves.mediamatique.ch\/evenements-majestueux\/produit\/coaching-evenements-majestueux-cle-en-main-2h\/#primaryimage"},"image":{"@id":"https:\/\/mbernshaus.eleves.mediamatique.ch\/evenements-majestueux\/produit\/coaching-evenements-majestueux-cle-en-main-2h\/#primaryimage"},"thumbnailUrl":"https:\/\/mbernshaus.eleves.mediamatique.ch\/evenements-majestueux\/wp-content\/uploads\/2025\/06\/70540eae520126d2bcef568dfe2b515d.jpg","datePublished":"2025-06-19T10:12:18+00:00","breadcrumb":{"@id":"https:\/\/mbernshaus.eleves.mediamatique.ch\/evenements-majestueux\/produit\/coaching-evenements-majestueux-cle-en-main-2h\/#breadcrumb"},"inLanguage":"fr-FR","potentialAction":[{"@type":"ReadAction","target":["https:\/\/mbernshaus.eleves.mediamatique.ch\/evenements-majestueux\/produit\/coaching-evenements-majestueux-cle-en-main-2h\/"]}]},{"@type":"ImageObject","inLanguage":"fr-FR","@id":"https:\/\/mbernshaus.eleves.mediamatique.ch\/evenements-majestueux\/produit\/coaching-evenements-majestueux-cle-en-main-2h\/#primaryimage","url":"https:\/\/mbernshaus.eleves.mediamatique.ch\/evenements-majestueux\/wp-content\/uploads\/2025\/06\/70540eae520126d2bcef568dfe2b515d.jpg","contentUrl":"https:\/\/mbernshaus.eleves.mediamatique.ch\/evenements-majestueux\/wp-content\/uploads\/2025\/06\/70540eae520126d2bcef568dfe2b515d.jpg","width":736,"height":1104},{"@type":"BreadcrumbList","@id":"https:\/\/mbernshaus.eleves.mediamatique.ch\/evenements-majestueux\/produit\/coaching-evenements-majestueux-cle-en-main-2h\/#breadcrumb","itemListElement":[{"@type":"ListItem","position":1,"name":"Accueil","item":"https:\/\/mbernshaus.eleves.mediamatique.ch\/evenements-majestueux\/"},{"@type":"ListItem","position":2,"name":"Produits","item":"https:\/\/mbernshaus.eleves.mediamatique.ch\/evenements-majestueux\/shop\/"},{"@type":"ListItem","position":3,"name":"Coaching \u00ab\u00a0\u00c9v\u00e9nements Majestueux cl\u00e9 en main\u00a0\u00bb (2h)"}]},{"@type":"WebSite","@id":"https:\/\/mbernshaus.eleves.mediamatique.ch\/evenements-majestueux\/#website","url":"https:\/\/mbernshaus.eleves.mediamatique.ch\/evenements-majestueux\/","name":"\u00c9v\u00e9nements Majestueux","description":"Orchestrez vos moments royaux !","publisher":{"@id":"https:\/\/mbernshaus.eleves.mediamatique.ch\/evenements-majestueux\/#organization"},"potentialAction":[{"@type":"SearchAction","target":{"@type":"EntryPoint","urlTemplate":"https:\/\/mbernshaus.eleves.mediamatique.ch\/evenements-majestueux\/?s={search_term_string}"},"query-input":{"@type":"PropertyValueSpecification","valueRequired":true,"valueName":"search_term_string"}}],"inLanguage":"fr-FR"},{"@type":"Organization","@id":"https:\/\/mbernshaus.eleves.mediamatique.ch\/evenements-majestueux\/#organization","name":"\u00c9v\u00e9nements Majestueux","url":"https:\/\/mbernshaus.eleves.mediamatique.ch\/evenements-majestueux\/","logo":{"@type":"ImageObject","inLanguage":"fr-FR","@id":"https:\/\/mbernshaus.eleves.mediamatique.ch\/evenements-majestueux\/#\/schema\/logo\/image\/","url":"https:\/\/mbernshaus.eleves.mediamatique.ch\/evenements-majestueux\/wp-content\/uploads\/2025\/06\/logo_evenements_majestueux.png","contentUrl":"https:\/\/mbernshaus.eleves.mediamatique.ch\/evenements-majestueux\/wp-content\/uploads\/2025\/06\/logo_evenements_majestueux.png","width":500,"height":500,"caption":"\u00c9v\u00e9nements Majestueux"},"image":{"@id":"https:\/\/mbernshaus.eleves.mediamatique.ch\/evenements-majestueux\/#\/schema\/logo\/image\/"}}]}},"_links":{"self":[{"href":"https:\/\/mbernshaus.eleves.mediamatique.ch\/evenements-majestueux\/wp-json\/wp\/v2\/product\/117","targetHints":{"allow":["GET"]}}],"collection":[{"href":"https:\/\/mbernshaus.eleves.mediamatique.ch\/evenements-majestueux\/wp-json\/wp\/v2\/product"}],"about":[{"href":"https:\/\/mbernshaus.eleves.mediamatique.ch\/evenements-majestueux\/wp-json\/wp\/v2\/types\/product"}],"replies":[{"embeddable":true,"href":"https:\/\/mbernshaus.eleves.mediamatique.ch\/evenements-majestueux\/wp-json\/wp\/v2\/comments?post=117"}],"wp:featuredmedia":[{"embeddable":true,"href":"https:\/\/mbernshaus.eleves.mediamatique.ch\/evenements-majestueux\/wp-json\/wp\/v2\/media\/118"}],"wp:attachment":[{"href":"https:\/\/mbernshaus.eleves.mediamatique.ch\/evenements-majestueux\/wp-json\/wp\/v2\/media?parent=117"}],"wp:term":[{"taxonomy":"product_brand","embeddable":true,"href":"https:\/\/mbernshaus.eleves.mediamatique.ch\/evenements-majestueux\/wp-json\/wp\/v2\/product_brand?post=117"},{"taxonomy":"product_cat","embeddable":true,"href":"https:\/\/mbernshaus.eleves.mediamatique.ch\/evenements-majestueux\/wp-json\/wp\/v2\/product_cat?post=117"},{"taxonomy":"product_tag","embeddable":true,"href":"https:\/\/mbernshaus.eleves.mediamatique.ch\/evenements-majestueux\/wp-json\/wp\/v2\/product_tag?post=117"}],"curies":[{"name":"wp","href":"https:\/\/api.w.org\/{rel}","templated":true}]}}