{"id":45,"date":"2025-06-19T09:45:02","date_gmt":"2025-06-19T07:45:02","guid":{"rendered":"https:\/\/mbernshaus.eleves.mediamatique.ch\/evenements-majestueux\/panier\/"},"modified":"2025-06-19T09:45:02","modified_gmt":"2025-06-19T07:45:02","slug":"panier","status":"publish","type":"page","link":"https:\/\/mbernshaus.eleves.mediamatique.ch\/evenements-majestueux\/panier\/","title":{"rendered":"Panier"},"content":{"rendered":"\n<div data-block-name=\"woocommerce\/cart\" class=\"wp-block-woocommerce-cart alignwide is-loading\">\n<div data-block-name=\"woocommerce\/filled-cart-block\" class=\"wp-block-woocommerce-filled-cart-block\">\n<div data-block-name=\"woocommerce\/cart-items-block\" class=\"wp-block-woocommerce-cart-items-block\">\n<div data-block-name=\"woocommerce\/cart-line-items-block\" class=\"wp-block-woocommerce-cart-line-items-block\"><\/div>\n\n\n\n<div data-block-name=\"woocommerce\/cart-cross-sells-block\" class=\"wp-block-woocommerce-cart-cross-sells-block\">\n<h2 class=\"wp-block-heading has-large-font-size\">\u00c7a peut vous int\u00e9resser&#8230;<\/h2>\n\n\n\n<div data-block-name=\"woocommerce\/cart-cross-sells-products-block\" class=\"wp-block-woocommerce-cart-cross-sells-products-block\"><\/div>\n<\/div>\n<\/div>\n\n\n\n<div data-block-name=\"woocommerce\/cart-totals-block\" class=\"wp-block-woocommerce-cart-totals-block\">\n<div data-block-name=\"woocommerce\/cart-order-summary-block\" class=\"wp-block-woocommerce-cart-order-summary-block\">\n<div data-block-name=\"woocommerce\/cart-order-summary-heading-block\" class=\"wp-block-woocommerce-cart-order-summary-heading-block\"><\/div><div data-block-name=\"woocommerce\/cart-order-summary-coupon-form-block\" class=\"wp-block-woocommerce-cart-order-summary-coupon-form-block\"><\/div><div data-block-name=\"woocommerce\/cart-order-summary-totals-block\" class=\"wp-block-woocommerce-cart-order-summary-totals-block\">\n<div data-block-name=\"woocommerce\/cart-order-summary-subtotal-block\" class=\"wp-block-woocommerce-cart-order-summary-subtotal-block\"><\/div>\n<div data-block-name=\"woocommerce\/cart-order-summary-discount-block\" class=\"wp-block-woocommerce-cart-order-summary-discount-block\"><\/div>\n<div data-block-name=\"woocommerce\/cart-order-summary-fee-block\" class=\"wp-block-woocommerce-cart-order-summary-fee-block\"><\/div>\n<div data-block-name=\"woocommerce\/cart-order-summary-shipping-block\" class=\"wp-block-woocommerce-cart-order-summary-shipping-block\"><\/div>\n<div data-block-name=\"woocommerce\/cart-order-summary-taxes-block\" class=\"wp-block-woocommerce-cart-order-summary-taxes-block\"><\/div><\/div>\n<\/div>\n\n\n\n<div data-block-name=\"woocommerce\/cart-express-payment-block\" class=\"wp-block-woocommerce-cart-express-payment-block\"><\/div>\n\n\n\n<div data-block-name=\"woocommerce\/proceed-to-checkout-block\" class=\"wp-block-woocommerce-proceed-to-checkout-block\"><\/div>\n\n\n\n<div data-block-name=\"woocommerce\/cart-accepted-payment-methods-block\" class=\"wp-block-woocommerce-cart-accepted-payment-methods-block\"><\/div>\n<\/div>\n<\/div>\n\n\n\n<div data-block-name=\"woocommerce\/empty-cart-block\" class=\"wp-block-woocommerce-empty-cart-block\">\n<h2 class=\"wp-block-heading has-text-align-center with-empty-cart-icon wc-block-cart__empty-cart__title\">Votre panier est actuellement vide\u00a0!<\/h2>\n\n\n\n<hr class=\"wp-block-separator has-alpha-channel-opacity is-style-dots\"\/>\n\n\n\n<h2 class=\"wp-block-heading has-text-align-center\">Nouveau dans la boutique<\/h2>\n\n\n<div data-block-name=\"woocommerce\/product-new\" data-columns=\"4\" data-rows=\"1\" class=\"wc-block-grid wp-block-product-new wp-block-woocommerce-product-new wc-block-product-new has-4-columns\"><ul class=\"wc-block-grid__products\"><li class=\"wc-block-grid__product\">\n\t\t\t\t<a href=\"https:\/\/mbernshaus.eleves.mediamatique.ch\/evenements-majestueux\/produit\/coaching-evenements-majestueux-cle-en-main-2h\/\" class=\"wc-block-grid__product-link\">\n\t\t\t\t\t\n\t\t\t\t\t<div class=\"wc-block-grid__product-image\"><img fetchpriority=\"high\" decoding=\"async\" width=\"300\" height=\"300\" src=\"https:\/\/mbernshaus.eleves.mediamatique.ch\/evenements-majestueux\/wp-content\/uploads\/2025\/06\/70540eae520126d2bcef568dfe2b515d-300x300.jpg\" class=\"attachment-woocommerce_thumbnail size-woocommerce_thumbnail\" alt=\"Coaching &quot;\u00c9v\u00e9nements Majestueux cl\u00e9 en main&quot; (2h)\" srcset=\"https:\/\/mbernshaus.eleves.mediamatique.ch\/evenements-majestueux\/wp-content\/uploads\/2025\/06\/70540eae520126d2bcef568dfe2b515d-300x300.jpg 300w, https:\/\/mbernshaus.eleves.mediamatique.ch\/evenements-majestueux\/wp-content\/uploads\/2025\/06\/70540eae520126d2bcef568dfe2b515d-100x100.jpg 100w, https:\/\/mbernshaus.eleves.mediamatique.ch\/evenements-majestueux\/wp-content\/uploads\/2025\/06\/70540eae520126d2bcef568dfe2b515d-150x150.jpg 150w\" sizes=\"(max-width: 300px) 100vw, 300px\" \/><\/div>\n\t\t\t\t\t<div class=\"wc-block-grid__product-title\">Coaching \u00ab\u00a0\u00c9v\u00e9nements Majestueux cl\u00e9 en main\u00a0\u00bb (2h)<\/div>\n\t\t\t\t<\/a>\n\t\t\t\t<div class=\"wc-block-grid__product-price price\"><span class=\"woocommerce-Price-amount amount\"><span class=\"woocommerce-Price-currencySymbol\">&#067;&#072;&#070;<\/span>&nbsp;250.00<\/span><\/div>\n\t\t\t\t\n\t\t\t\t<div class=\"wp-block-button wc-block-grid__product-add-to-cart\"><a href=\"?add-to-cart=117\" aria-label=\"Ajouter au panier\u00a0: &ldquo;Coaching &quot;\u00c9v\u00e9nements Majestueux cl\u00e9 en main&quot; (2h)&rdquo;\" data-quantity=\"1\" data-product_id=\"117\" data-product_sku=\"\" data-price=\"250\" rel=\"nofollow\" class=\"wp-block-button__link  add_to_cart_button ajax_add_to_cart\">Ajouter au panier<\/a><\/div>\n\t\t\t<\/li><li class=\"wc-block-grid__product\">\n\t\t\t\t<a href=\"https:\/\/mbernshaus.eleves.mediamatique.ch\/evenements-majestueux\/produit\/animation-joute-medievale\/\" class=\"wc-block-grid__product-link\">\n\t\t\t\t\t<div class=\"wc-block-grid__product-onsale\">\n\t\t\t<span aria-hidden=\"true\">Promo<\/span>\n\t\t\t<span class=\"screen-reader-text\">Produit en promotion<\/span>\n\t\t<\/div>\n\t\t\t\t\t<div class=\"wc-block-grid__product-image\"><img decoding=\"async\" width=\"300\" height=\"300\" src=\"https:\/\/mbernshaus.eleves.mediamatique.ch\/evenements-majestueux\/wp-content\/uploads\/2025\/06\/158bb3f3e718dd6ba7eced758ce9e85c-300x300.jpg\" class=\"attachment-woocommerce_thumbnail size-woocommerce_thumbnail\" alt=\"Animation Joute M\u00e9di\u00e9vale\" srcset=\"https:\/\/mbernshaus.eleves.mediamatique.ch\/evenements-majestueux\/wp-content\/uploads\/2025\/06\/158bb3f3e718dd6ba7eced758ce9e85c-300x300.jpg 300w, https:\/\/mbernshaus.eleves.mediamatique.ch\/evenements-majestueux\/wp-content\/uploads\/2025\/06\/158bb3f3e718dd6ba7eced758ce9e85c-100x100.jpg 100w, https:\/\/mbernshaus.eleves.mediamatique.ch\/evenements-majestueux\/wp-content\/uploads\/2025\/06\/158bb3f3e718dd6ba7eced758ce9e85c-150x150.jpg 150w\" sizes=\"(max-width: 300px) 100vw, 300px\" \/><\/div>\n\t\t\t\t\t<div class=\"wc-block-grid__product-title\">Animation Joute M\u00e9di\u00e9vale<\/div>\n\t\t\t\t<\/a>\n\t\t\t\t<div class=\"wc-block-grid__product-price price\"><del aria-hidden=\"true\"><span class=\"woocommerce-Price-amount amount\"><span class=\"woocommerce-Price-currencySymbol\">&#067;&#072;&#070;<\/span>&nbsp;850.00<\/span><\/del> <span class=\"screen-reader-text\">Le prix initial \u00e9tait\u00a0: &#067;&#072;&#070;&nbsp;850.00.<\/span><ins aria-hidden=\"true\"><span class=\"woocommerce-Price-amount amount\"><span class=\"woocommerce-Price-currencySymbol\">&#067;&#072;&#070;<\/span>&nbsp;800.00<\/span><\/ins><span class=\"screen-reader-text\">Le prix actuel est\u00a0: &#067;&#072;&#070;&nbsp;800.00.<\/span><\/div>\n\t\t\t\t\n\t\t\t\t<div class=\"wp-block-button wc-block-grid__product-add-to-cart\"><a href=\"?add-to-cart=115\" aria-label=\"Ajouter au panier\u00a0: &ldquo;Animation Joute M\u00e9di\u00e9vale&rdquo;\" data-quantity=\"1\" data-product_id=\"115\" data-product_sku=\"\" data-price=\"800\" rel=\"nofollow\" class=\"wp-block-button__link  add_to_cart_button ajax_add_to_cart\">Ajouter au panier<\/a><\/div>\n\t\t\t<\/li><li class=\"wc-block-grid__product\">\n\t\t\t\t<a href=\"https:\/\/mbernshaus.eleves.mediamatique.ch\/evenements-majestueux\/produit\/location-photobooth-trone-gonflable\/\" class=\"wc-block-grid__product-link\">\n\t\t\t\t\t\n\t\t\t\t\t<div class=\"wc-block-grid__product-image\"><img decoding=\"async\" width=\"300\" height=\"300\" src=\"https:\/\/mbernshaus.eleves.mediamatique.ch\/evenements-majestueux\/wp-content\/uploads\/2025\/06\/0493f453b17983e4d7998fd2a237dedc-300x300.jpg\" class=\"attachment-woocommerce_thumbnail size-woocommerce_thumbnail\" alt=\"Location Photobooth Tr\u00f4ne Gonflable\" srcset=\"https:\/\/mbernshaus.eleves.mediamatique.ch\/evenements-majestueux\/wp-content\/uploads\/2025\/06\/0493f453b17983e4d7998fd2a237dedc-300x300.jpg 300w, https:\/\/mbernshaus.eleves.mediamatique.ch\/evenements-majestueux\/wp-content\/uploads\/2025\/06\/0493f453b17983e4d7998fd2a237dedc-100x100.jpg 100w, https:\/\/mbernshaus.eleves.mediamatique.ch\/evenements-majestueux\/wp-content\/uploads\/2025\/06\/0493f453b17983e4d7998fd2a237dedc-150x150.jpg 150w\" sizes=\"(max-width: 300px) 100vw, 300px\" \/><\/div>\n\t\t\t\t\t<div class=\"wc-block-grid__product-title\">Location Photobooth Tr\u00f4ne Gonflable<\/div>\n\t\t\t\t<\/a>\n\t\t\t\t<div class=\"wc-block-grid__product-price price\"><span class=\"woocommerce-Price-amount amount\"><span class=\"woocommerce-Price-currencySymbol\">&#067;&#072;&#070;<\/span>&nbsp;400.00<\/span><\/div>\n\t\t\t\t\n\t\t\t\t<div class=\"wp-block-button wc-block-grid__product-add-to-cart\"><a href=\"?add-to-cart=113\" aria-label=\"Ajouter au panier\u00a0: &ldquo;Location Photobooth Tr\u00f4ne Gonflable&rdquo;\" data-quantity=\"1\" data-product_id=\"113\" data-product_sku=\"\" data-price=\"400\" rel=\"nofollow\" class=\"wp-block-button__link  add_to_cart_button ajax_add_to_cart\">Ajouter au panier<\/a><\/div>\n\t\t\t<\/li><li class=\"wc-block-grid__product\">\n\t\t\t\t<a href=\"https:\/\/mbernshaus.eleves.mediamatique.ch\/evenements-majestueux\/produit\/gala-dentreprise-prestige\/\" class=\"wc-block-grid__product-link\">\n\t\t\t\t\t\n\t\t\t\t\t<div class=\"wc-block-grid__product-image\"><img loading=\"lazy\" decoding=\"async\" width=\"300\" height=\"300\" src=\"https:\/\/mbernshaus.eleves.mediamatique.ch\/evenements-majestueux\/wp-content\/uploads\/2025\/06\/2fe9ea0410d924cb662ba91ac9429d11-300x300.jpg\" class=\"attachment-woocommerce_thumbnail size-woocommerce_thumbnail\" alt=\"Gala d&#039;entreprise Prestige\" srcset=\"https:\/\/mbernshaus.eleves.mediamatique.ch\/evenements-majestueux\/wp-content\/uploads\/2025\/06\/2fe9ea0410d924cb662ba91ac9429d11-300x300.jpg 300w, https:\/\/mbernshaus.eleves.mediamatique.ch\/evenements-majestueux\/wp-content\/uploads\/2025\/06\/2fe9ea0410d924cb662ba91ac9429d11-100x100.jpg 100w, https:\/\/mbernshaus.eleves.mediamatique.ch\/evenements-majestueux\/wp-content\/uploads\/2025\/06\/2fe9ea0410d924cb662ba91ac9429d11-600x600.jpg 600w, https:\/\/mbernshaus.eleves.mediamatique.ch\/evenements-majestueux\/wp-content\/uploads\/2025\/06\/2fe9ea0410d924cb662ba91ac9429d11-150x150.jpg 150w, https:\/\/mbernshaus.eleves.mediamatique.ch\/evenements-majestueux\/wp-content\/uploads\/2025\/06\/2fe9ea0410d924cb662ba91ac9429d11.jpg 736w\" sizes=\"(max-width: 300px) 100vw, 300px\" \/><\/div>\n\t\t\t\t\t<div class=\"wc-block-grid__product-title\">Gala d&rsquo;entreprise Prestige<\/div>\n\t\t\t\t<\/a>\n\t\t\t\t<div class=\"wc-block-grid__product-price price\"><span class=\"woocommerce-Price-amount amount\"><span class=\"woocommerce-Price-currencySymbol\">&#067;&#072;&#070;<\/span>&nbsp;4&rsquo;000.00<\/span> &ndash; <span class=\"woocommerce-Price-amount amount\"><span class=\"woocommerce-Price-currencySymbol\">&#067;&#072;&#070;<\/span>&nbsp;7&rsquo;500.00<\/span><\/div>\n\t\t\t\t\n\t\t\t\t<div class=\"wp-block-button wc-block-grid__product-add-to-cart\"><a href=\"https:\/\/mbernshaus.eleves.mediamatique.ch\/evenements-majestueux\/produit\/gala-dentreprise-prestige\/\" aria-label=\"S\u00e9lectionner les options pour &ldquo;Gala d&#039;entreprise Prestige&rdquo;\" data-quantity=\"1\" data-product_id=\"107\" data-product_sku=\"\" data-price=\"4000\" rel=\"nofollow\" class=\"wp-block-button__link  add_to_cart_button\">Choix des options<\/a><\/div>\n\t\t\t<\/li><\/ul><\/div><\/div>\n<\/div>\n","protected":false},"excerpt":{"rendered":"","protected":false},"author":1,"featured_media":0,"parent":0,"menu_order":0,"comment_status":"closed","ping_status":"closed","template":"","meta":{"footnotes":""},"class_list":["post-45","page","type-page","status-publish","hentry"],"yoast_head":"<!-- This site is optimized with the Yoast SEO plugin v25.3.1 - https:\/\/yoast.com\/wordpress\/plugins\/seo\/ -->\n<title>Panier - \u00c9v\u00e9nements Majestueux<\/title>\n<meta name=\"robots\" content=\"noindex, follow, max-snippet:-1, max-image-preview:large, max-video-preview:-1\" \/>\n<meta property=\"og:locale\" content=\"fr_FR\" \/>\n<meta property=\"og:type\" content=\"article\" \/>\n<meta property=\"og:title\" content=\"Panier - \u00c9v\u00e9nements Majestueux\" \/>\n<meta property=\"og:url\" content=\"https:\/\/mbernshaus.eleves.mediamatique.ch\/evenements-majestueux\/panier\/\" \/>\n<meta property=\"og:site_name\" content=\"\u00c9v\u00e9nements Majestueux\" \/>\n<meta name=\"twitter:card\" content=\"summary_large_image\" \/>\n<script type=\"application\/ld+json\" class=\"yoast-schema-graph\">{\"@context\":\"https:\/\/schema.org\",\"@graph\":[{\"@type\":\"WebPage\",\"@id\":\"https:\/\/mbernshaus.eleves.mediamatique.ch\/evenements-majestueux\/panier\/\",\"url\":\"https:\/\/mbernshaus.eleves.mediamatique.ch\/evenements-majestueux\/panier\/\",\"name\":\"Panier - \u00c9v\u00e9nements Majestueux\",\"isPartOf\":{\"@id\":\"https:\/\/mbernshaus.eleves.mediamatique.ch\/evenements-majestueux\/#website\"},\"datePublished\":\"2025-06-19T07:45:02+00:00\",\"breadcrumb\":{\"@id\":\"https:\/\/mbernshaus.eleves.mediamatique.ch\/evenements-majestueux\/panier\/#breadcrumb\"},\"inLanguage\":\"fr-FR\",\"potentialAction\":[{\"@type\":\"ReadAction\",\"target\":[\"https:\/\/mbernshaus.eleves.mediamatique.ch\/evenements-majestueux\/panier\/\"]}]},{\"@type\":\"BreadcrumbList\",\"@id\":\"https:\/\/mbernshaus.eleves.mediamatique.ch\/evenements-majestueux\/panier\/#breadcrumb\",\"itemListElement\":[{\"@type\":\"ListItem\",\"position\":1,\"name\":\"Accueil\",\"item\":\"https:\/\/mbernshaus.eleves.mediamatique.ch\/evenements-majestueux\/\"},{\"@type\":\"ListItem\",\"position\":2,\"name\":\"Panier\"}]},{\"@type\":\"WebSite\",\"@id\":\"https:\/\/mbernshaus.eleves.mediamatique.ch\/evenements-majestueux\/#website\",\"url\":\"https:\/\/mbernshaus.eleves.mediamatique.ch\/evenements-majestueux\/\",\"name\":\"\u00c9v\u00e9nements Majestueux\",\"description\":\"Orchestrez vos moments royaux !\",\"publisher\":{\"@id\":\"https:\/\/mbernshaus.eleves.mediamatique.ch\/evenements-majestueux\/#organization\"},\"potentialAction\":[{\"@type\":\"SearchAction\",\"target\":{\"@type\":\"EntryPoint\",\"urlTemplate\":\"https:\/\/mbernshaus.eleves.mediamatique.ch\/evenements-majestueux\/?s={search_term_string}\"},\"query-input\":{\"@type\":\"PropertyValueSpecification\",\"valueRequired\":true,\"valueName\":\"search_term_string\"}}],\"inLanguage\":\"fr-FR\"},{\"@type\":\"Organization\",\"@id\":\"https:\/\/mbernshaus.eleves.mediamatique.ch\/evenements-majestueux\/#organization\",\"name\":\"\u00c9v\u00e9nements Majestueux\",\"url\":\"https:\/\/mbernshaus.eleves.mediamatique.ch\/evenements-majestueux\/\",\"logo\":{\"@type\":\"ImageObject\",\"inLanguage\":\"fr-FR\",\"@id\":\"https:\/\/mbernshaus.eleves.mediamatique.ch\/evenements-majestueux\/#\/schema\/logo\/image\/\",\"url\":\"https:\/\/mbernshaus.eleves.mediamatique.ch\/evenements-majestueux\/wp-content\/uploads\/2025\/06\/logo_evenements_majestueux.png\",\"contentUrl\":\"https:\/\/mbernshaus.eleves.mediamatique.ch\/evenements-majestueux\/wp-content\/uploads\/2025\/06\/logo_evenements_majestueux.png\",\"width\":500,\"height\":500,\"caption\":\"\u00c9v\u00e9nements Majestueux\"},\"image\":{\"@id\":\"https:\/\/mbernshaus.eleves.mediamatique.ch\/evenements-majestueux\/#\/schema\/logo\/image\/\"}}]}<\/script>\n<!-- \/ Yoast SEO plugin. -->","yoast_head_json":{"title":"Panier - \u00c9v\u00e9nements Majestueux","robots":{"index":"noindex","follow":"follow","max-snippet":"max-snippet:-1","max-image-preview":"max-image-preview:large","max-video-preview":"max-video-preview:-1"},"og_locale":"fr_FR","og_type":"article","og_title":"Panier - \u00c9v\u00e9nements Majestueux","og_url":"https:\/\/mbernshaus.eleves.mediamatique.ch\/evenements-majestueux\/panier\/","og_site_name":"\u00c9v\u00e9nements Majestueux","twitter_card":"summary_large_image","schema":{"@context":"https:\/\/schema.org","@graph":[{"@type":"WebPage","@id":"https:\/\/mbernshaus.eleves.mediamatique.ch\/evenements-majestueux\/panier\/","url":"https:\/\/mbernshaus.eleves.mediamatique.ch\/evenements-majestueux\/panier\/","name":"Panier - \u00c9v\u00e9nements Majestueux","isPartOf":{"@id":"https:\/\/mbernshaus.eleves.mediamatique.ch\/evenements-majestueux\/#website"},"datePublished":"2025-06-19T07:45:02+00:00","breadcrumb":{"@id":"https:\/\/mbernshaus.eleves.mediamatique.ch\/evenements-majestueux\/panier\/#breadcrumb"},"inLanguage":"fr-FR","potentialAction":[{"@type":"ReadAction","target":["https:\/\/mbernshaus.eleves.mediamatique.ch\/evenements-majestueux\/panier\/"]}]},{"@type":"BreadcrumbList","@id":"https:\/\/mbernshaus.eleves.mediamatique.ch\/evenements-majestueux\/panier\/#breadcrumb","itemListElement":[{"@type":"ListItem","position":1,"name":"Accueil","item":"https:\/\/mbernshaus.eleves.mediamatique.ch\/evenements-majestueux\/"},{"@type":"ListItem","position":2,"name":"Panier"}]},{"@type":"WebSite","@id":"https:\/\/mbernshaus.eleves.mediamatique.ch\/evenements-majestueux\/#website","url":"https:\/\/mbernshaus.eleves.mediamatique.ch\/evenements-majestueux\/","name":"\u00c9v\u00e9nements Majestueux","description":"Orchestrez vos moments royaux !","publisher":{"@id":"https:\/\/mbernshaus.eleves.mediamatique.ch\/evenements-majestueux\/#organization"},"potentialAction":[{"@type":"SearchAction","target":{"@type":"EntryPoint","urlTemplate":"https:\/\/mbernshaus.eleves.mediamatique.ch\/evenements-majestueux\/?s={search_term_string}"},"query-input":{"@type":"PropertyValueSpecification","valueRequired":true,"valueName":"search_term_string"}}],"inLanguage":"fr-FR"},{"@type":"Organization","@id":"https:\/\/mbernshaus.eleves.mediamatique.ch\/evenements-majestueux\/#organization","name":"\u00c9v\u00e9nements Majestueux","url":"https:\/\/mbernshaus.eleves.mediamatique.ch\/evenements-majestueux\/","logo":{"@type":"ImageObject","inLanguage":"fr-FR","@id":"https:\/\/mbernshaus.eleves.mediamatique.ch\/evenements-majestueux\/#\/schema\/logo\/image\/","url":"https:\/\/mbernshaus.eleves.mediamatique.ch\/evenements-majestueux\/wp-content\/uploads\/2025\/06\/logo_evenements_majestueux.png","contentUrl":"https:\/\/mbernshaus.eleves.mediamatique.ch\/evenements-majestueux\/wp-content\/uploads\/2025\/06\/logo_evenements_majestueux.png","width":500,"height":500,"caption":"\u00c9v\u00e9nements Majestueux"},"image":{"@id":"https:\/\/mbernshaus.eleves.mediamatique.ch\/evenements-majestueux\/#\/schema\/logo\/image\/"}}]}},"_links":{"self":[{"href":"https:\/\/mbernshaus.eleves.mediamatique.ch\/evenements-majestueux\/wp-json\/wp\/v2\/pages\/45","targetHints":{"allow":["GET"]}}],"collection":[{"href":"https:\/\/mbernshaus.eleves.mediamatique.ch\/evenements-majestueux\/wp-json\/wp\/v2\/pages"}],"about":[{"href":"https:\/\/mbernshaus.eleves.mediamatique.ch\/evenements-majestueux\/wp-json\/wp\/v2\/types\/page"}],"author":[{"embeddable":true,"href":"https:\/\/mbernshaus.eleves.mediamatique.ch\/evenements-majestueux\/wp-json\/wp\/v2\/users\/1"}],"replies":[{"embeddable":true,"href":"https:\/\/mbernshaus.eleves.mediamatique.ch\/evenements-majestueux\/wp-json\/wp\/v2\/comments?post=45"}],"version-history":[{"count":0,"href":"https:\/\/mbernshaus.eleves.mediamatique.ch\/evenements-majestueux\/wp-json\/wp\/v2\/pages\/45\/revisions"}],"wp:attachment":[{"href":"https:\/\/mbernshaus.eleves.mediamatique.ch\/evenements-majestueux\/wp-json\/wp\/v2\/media?parent=45"}],"curies":[{"name":"wp","href":"https:\/\/api.w.org\/{rel}","templated":true}]}}