{"id":255,"date":"2025-06-20T11:22:35","date_gmt":"2025-06-20T09:22:35","guid":{"rendered":"https:\/\/mbernshaus.eleves.mediamatique.ch\/evenements-majestueux\/?page_id=255"},"modified":"2025-06-20T15:40:54","modified_gmt":"2025-06-20T13:40:54","slug":"review","status":"publish","type":"page","link":"https:\/\/mbernshaus.eleves.mediamatique.ch\/evenements-majestueux\/review\/","title":{"rendered":"Review"},"content":{"rendered":"\t\t<div data-elementor-type=\"wp-page\" data-elementor-id=\"255\" class=\"elementor elementor-255\" data-elementor-post-type=\"page\">\n\t\t\t\t<div class=\"elementor-element elementor-element-a3271de e-con-full e-flex e-con e-parent\" data-id=\"a3271de\" data-element_type=\"container\">\n\t\t\t\t<div class=\"elementor-element elementor-element-e640acc elementor-grid-3 elementor-grid-tablet-2 elementor-grid-mobile-1 elementor-posts--thumbnail-top elementor-widget elementor-widget-posts\" data-id=\"e640acc\" data-element_type=\"widget\" data-settings=\"{&quot;classic_columns&quot;:&quot;3&quot;,&quot;classic_columns_tablet&quot;:&quot;2&quot;,&quot;classic_columns_mobile&quot;:&quot;1&quot;,&quot;classic_row_gap&quot;:{&quot;unit&quot;:&quot;px&quot;,&quot;size&quot;:35,&quot;sizes&quot;:[]},&quot;classic_row_gap_tablet&quot;:{&quot;unit&quot;:&quot;px&quot;,&quot;size&quot;:&quot;&quot;,&quot;sizes&quot;:[]},&quot;classic_row_gap_mobile&quot;:{&quot;unit&quot;:&quot;px&quot;,&quot;size&quot;:&quot;&quot;,&quot;sizes&quot;:[]}}\" data-widget_type=\"posts.classic\">\n\t\t\t\t<div class=\"elementor-widget-container\">\n\t\t\t\t\t\t\t<div class=\"elementor-posts-container elementor-posts elementor-posts--skin-classic elementor-grid\">\n\t\t\t\t<article class=\"elementor-post elementor-grid-item post-239 post type-post status-publish format-standard has-post-thumbnail hentry category-review\">\n\t\t\t\t<a class=\"elementor-post__thumbnail__link\" href=\"https:\/\/mbernshaus.eleves.mediamatique.ch\/evenements-majestueux\/2025\/06\/20\/notre-dernier-mariage-royal-au-chateau-de-grandson\/\" tabindex=\"-1\" >\n\t\t\t<div class=\"elementor-post__thumbnail\"><img fetchpriority=\"high\" decoding=\"async\" width=\"177\" height=\"300\" src=\"https:\/\/mbernshaus.eleves.mediamatique.ch\/evenements-majestueux\/wp-content\/uploads\/2025\/06\/55553e546ebe7a3cab0c648abbbc2c89-177x300.jpg\" class=\"attachment-medium size-medium wp-image-112\" alt=\"\" srcset=\"https:\/\/mbernshaus.eleves.mediamatique.ch\/evenements-majestueux\/wp-content\/uploads\/2025\/06\/55553e546ebe7a3cab0c648abbbc2c89-177x300.jpg 177w, https:\/\/mbernshaus.eleves.mediamatique.ch\/evenements-majestueux\/wp-content\/uploads\/2025\/06\/55553e546ebe7a3cab0c648abbbc2c89-600x1019.jpg 600w, https:\/\/mbernshaus.eleves.mediamatique.ch\/evenements-majestueux\/wp-content\/uploads\/2025\/06\/55553e546ebe7a3cab0c648abbbc2c89-603x1024.jpg 603w, https:\/\/mbernshaus.eleves.mediamatique.ch\/evenements-majestueux\/wp-content\/uploads\/2025\/06\/55553e546ebe7a3cab0c648abbbc2c89.jpg 736w\" sizes=\"(max-width: 177px) 100vw, 177px\" \/><\/div>\n\t\t<\/a>\n\t\t\t\t<div class=\"elementor-post__text\">\n\t\t\t\t<h3 class=\"elementor-post__title\">\n\t\t\t<a href=\"https:\/\/mbernshaus.eleves.mediamatique.ch\/evenements-majestueux\/2025\/06\/20\/notre-dernier-mariage-royal-au-chateau-de-grandson\/\" >\n\t\t\t\tNotre dernier mariage royal au Ch\u00e2teau de Grandson\t\t\t<\/a>\n\t\t<\/h3>\n\t\t\t\t<div class=\"elementor-post__meta-data\">\n\t\t\t\t\t<span class=\"elementor-post-date\">\n\t\t\t20 juin 2025\t\t<\/span>\n\t\t\t\t<span class=\"elementor-post-avatar\">\n\t\t\tAucun commentaire\t\t<\/span>\n\t\t\t\t<\/div>\n\t\t\n\t\t<a class=\"elementor-post__read-more\" href=\"https:\/\/mbernshaus.eleves.mediamatique.ch\/evenements-majestueux\/2025\/06\/20\/notre-dernier-mariage-royal-au-chateau-de-grandson\/\" aria-label=\"En savoir plus sur Notre dernier mariage royal au Ch\u00e2teau de Grandson\" tabindex=\"-1\" >\n\t\t\tLire la suite \u00bb\t\t<\/a>\n\n\t\t\t\t<\/div>\n\t\t\t\t<\/article>\n\t\t\t\t<article class=\"elementor-post elementor-grid-item post-241 post type-post status-publish format-standard has-post-thumbnail hentry category-review\">\n\t\t\t\t<a class=\"elementor-post__thumbnail__link\" href=\"https:\/\/mbernshaus.eleves.mediamatique.ch\/evenements-majestueux\/2025\/06\/20\/un-gala-dentreprise-vip-memorable\/\" tabindex=\"-1\" >\n\t\t\t<div class=\"elementor-post__thumbnail\"><img decoding=\"async\" width=\"300\" height=\"300\" src=\"https:\/\/mbernshaus.eleves.mediamatique.ch\/evenements-majestueux\/wp-content\/uploads\/2025\/06\/2fe9ea0410d924cb662ba91ac9429d11-300x300.jpg\" class=\"attachment-medium size-medium wp-image-109\" alt=\"\" srcset=\"https:\/\/mbernshaus.eleves.mediamatique.ch\/evenements-majestueux\/wp-content\/uploads\/2025\/06\/2fe9ea0410d924cb662ba91ac9429d11-300x300.jpg 300w, https:\/\/mbernshaus.eleves.mediamatique.ch\/evenements-majestueux\/wp-content\/uploads\/2025\/06\/2fe9ea0410d924cb662ba91ac9429d11-100x100.jpg 100w, https:\/\/mbernshaus.eleves.mediamatique.ch\/evenements-majestueux\/wp-content\/uploads\/2025\/06\/2fe9ea0410d924cb662ba91ac9429d11-600x600.jpg 600w, https:\/\/mbernshaus.eleves.mediamatique.ch\/evenements-majestueux\/wp-content\/uploads\/2025\/06\/2fe9ea0410d924cb662ba91ac9429d11-150x150.jpg 150w, https:\/\/mbernshaus.eleves.mediamatique.ch\/evenements-majestueux\/wp-content\/uploads\/2025\/06\/2fe9ea0410d924cb662ba91ac9429d11.jpg 736w\" sizes=\"(max-width: 300px) 100vw, 300px\" \/><\/div>\n\t\t<\/a>\n\t\t\t\t<div class=\"elementor-post__text\">\n\t\t\t\t<h3 class=\"elementor-post__title\">\n\t\t\t<a href=\"https:\/\/mbernshaus.eleves.mediamatique.ch\/evenements-majestueux\/2025\/06\/20\/un-gala-dentreprise-vip-memorable\/\" >\n\t\t\t\tUn gala d\u2019entreprise VIP m\u00e9morable\t\t\t<\/a>\n\t\t<\/h3>\n\t\t\t\t<div class=\"elementor-post__meta-data\">\n\t\t\t\t\t<span class=\"elementor-post-date\">\n\t\t\t20 juin 2025\t\t<\/span>\n\t\t\t\t<span class=\"elementor-post-avatar\">\n\t\t\tAucun commentaire\t\t<\/span>\n\t\t\t\t<\/div>\n\t\t\n\t\t<a class=\"elementor-post__read-more\" href=\"https:\/\/mbernshaus.eleves.mediamatique.ch\/evenements-majestueux\/2025\/06\/20\/un-gala-dentreprise-vip-memorable\/\" aria-label=\"En savoir plus sur Un gala d\u2019entreprise VIP m\u00e9morable\" tabindex=\"-1\" >\n\t\t\tLire la suite \u00bb\t\t<\/a>\n\n\t\t\t\t<\/div>\n\t\t\t\t<\/article>\n\t\t\t\t<article class=\"elementor-post elementor-grid-item post-243 post type-post status-publish format-standard has-post-thumbnail hentry category-review\">\n\t\t\t\t<a class=\"elementor-post__thumbnail__link\" href=\"https:\/\/mbernshaus.eleves.mediamatique.ch\/evenements-majestueux\/2025\/06\/20\/photobooth-royal-retour-dexperience-de-nos-clients\/\" tabindex=\"-1\" >\n\t\t\t<div class=\"elementor-post__thumbnail\"><img decoding=\"async\" width=\"169\" height=\"300\" src=\"https:\/\/mbernshaus.eleves.mediamatique.ch\/evenements-majestueux\/wp-content\/uploads\/2025\/06\/0493f453b17983e4d7998fd2a237dedc-169x300.jpg\" class=\"attachment-medium size-medium wp-image-114\" alt=\"\" srcset=\"https:\/\/mbernshaus.eleves.mediamatique.ch\/evenements-majestueux\/wp-content\/uploads\/2025\/06\/0493f453b17983e4d7998fd2a237dedc-169x300.jpg 169w, https:\/\/mbernshaus.eleves.mediamatique.ch\/evenements-majestueux\/wp-content\/uploads\/2025\/06\/0493f453b17983e4d7998fd2a237dedc-600x1066.jpg 600w, https:\/\/mbernshaus.eleves.mediamatique.ch\/evenements-majestueux\/wp-content\/uploads\/2025\/06\/0493f453b17983e4d7998fd2a237dedc-576x1024.jpg 576w, https:\/\/mbernshaus.eleves.mediamatique.ch\/evenements-majestueux\/wp-content\/uploads\/2025\/06\/0493f453b17983e4d7998fd2a237dedc.jpg 736w\" sizes=\"(max-width: 169px) 100vw, 169px\" \/><\/div>\n\t\t<\/a>\n\t\t\t\t<div class=\"elementor-post__text\">\n\t\t\t\t<h3 class=\"elementor-post__title\">\n\t\t\t<a href=\"https:\/\/mbernshaus.eleves.mediamatique.ch\/evenements-majestueux\/2025\/06\/20\/photobooth-royal-retour-dexperience-de-nos-clients\/\" >\n\t\t\t\tPhotobooth royal : retour d\u2019exp\u00e9rience de nos clients\t\t\t<\/a>\n\t\t<\/h3>\n\t\t\t\t<div class=\"elementor-post__meta-data\">\n\t\t\t\t\t<span class=\"elementor-post-date\">\n\t\t\t20 juin 2025\t\t<\/span>\n\t\t\t\t<span class=\"elementor-post-avatar\">\n\t\t\tAucun commentaire\t\t<\/span>\n\t\t\t\t<\/div>\n\t\t\n\t\t<a class=\"elementor-post__read-more\" href=\"https:\/\/mbernshaus.eleves.mediamatique.ch\/evenements-majestueux\/2025\/06\/20\/photobooth-royal-retour-dexperience-de-nos-clients\/\" aria-label=\"En savoir plus sur Photobooth royal : retour d\u2019exp\u00e9rience de nos clients\" tabindex=\"-1\" >\n\t\t\tLire la suite \u00bb\t\t<\/a>\n\n\t\t\t\t<\/div>\n\t\t\t\t<\/article>\n\t\t\t\t<\/div>\n\t\t\n\t\t\t\t\t\t<\/div>\n\t\t\t\t<\/div>\n\t\t\t\t<\/div>\n\t\t<div class=\"elementor-element elementor-element-a94ad18 e-con-full e-flex e-con e-parent\" data-id=\"a94ad18\" data-element_type=\"container\">\n\t\t<div class=\"elementor-element elementor-element-31a0963 e-con-full e-flex e-con e-child\" data-id=\"31a0963\" data-element_type=\"container\">\n\t\t\t\t<div class=\"elementor-element elementor-element-fa89097 elementor-widget elementor-widget-text-editor\" data-id=\"fa89097\" data-element_type=\"widget\" data-widget_type=\"text-editor.default\">\n\t\t\t\t<div class=\"elementor-widget-container\">\n\t\t\t\t\t\t\t\t\t<p>Un succ\u00e8s imm\u00e9diat lors de chaque \u00e9v\u00e9nement : le tr\u00f4ne gonflable dor\u00e9 fait sensation et cr\u00e9e des souvenirs uniques.<\/p>\t\t\t\t\t\t\t\t<\/div>\n\t\t\t\t<\/div>\n\t\t\t\t<\/div>\n\t\t<div class=\"elementor-element elementor-element-42442b3 e-con-full e-flex e-con e-child\" data-id=\"42442b3\" data-element_type=\"container\">\n\t\t\t\t<div class=\"elementor-element elementor-element-1b873fa elementor-widget elementor-widget-text-editor\" data-id=\"1b873fa\" data-element_type=\"widget\" data-widget_type=\"text-editor.default\">\n\t\t\t\t<div class=\"elementor-widget-container\">\n\t\t\t\t\t\t\t\t\t<p>Une soir\u00e9e exclusive alliant prestige, animations originales et souvenirs m\u00e9morables pour une entreprise exigeante.<\/p>\t\t\t\t\t\t\t\t<\/div>\n\t\t\t\t<\/div>\n\t\t\t\t<\/div>\n\t\t<div class=\"elementor-element elementor-element-2126aee e-con-full e-flex e-con e-child\" data-id=\"2126aee\" data-element_type=\"container\">\n\t\t\t\t<div class=\"elementor-element elementor-element-25f3e61 elementor-widget elementor-widget-text-editor\" data-id=\"25f3e61\" data-element_type=\"widget\" data-widget_type=\"text-editor.default\">\n\t\t\t\t<div class=\"elementor-widget-container\">\n\t\t\t\t\t\t\t\t\t<p>Une c\u00e9r\u00e9monie f\u00e9\u00e9rique dans l\u2019un des lieux les plus embl\u00e9matiques de Suisse romande. D\u00e9couvrez les coulisses de cette journ\u00e9e princi\u00e8re.<\/p>\t\t\t\t\t\t\t\t<\/div>\n\t\t\t\t<\/div>\n\t\t\t\t<\/div>\n\t\t\t\t<\/div>\n\t\t\t\t<\/div>\n\t\t","protected":false},"excerpt":{"rendered":"<p>Un succ\u00e8s imm\u00e9diat lors de chaque \u00e9v\u00e9nement : le tr\u00f4ne gonflable dor\u00e9 fait sensation et cr\u00e9e des souvenirs uniques. Une soir\u00e9e exclusive alliant prestige, animations<\/p>\n","protected":false},"author":1,"featured_media":0,"parent":0,"menu_order":0,"comment_status":"closed","ping_status":"closed","template":"","meta":{"footnotes":""},"class_list":["post-255","page","type-page","status-publish","hentry"],"yoast_head":"<!-- This site is optimized with the Yoast SEO plugin v25.3.1 - https:\/\/yoast.com\/wordpress\/plugins\/seo\/ -->\n<title>Review - \u00c9v\u00e9nements Majestueux<\/title>\n<meta name=\"robots\" content=\"noindex, follow, max-snippet:-1, max-image-preview:large, max-video-preview:-1\" \/>\n<meta property=\"og:locale\" content=\"fr_FR\" \/>\n<meta property=\"og:type\" content=\"article\" \/>\n<meta property=\"og:title\" content=\"Review - \u00c9v\u00e9nements Majestueux\" \/>\n<meta property=\"og:description\" content=\"Un succ\u00e8s imm\u00e9diat lors de chaque \u00e9v\u00e9nement : le tr\u00f4ne gonflable dor\u00e9 fait sensation et cr\u00e9e des souvenirs uniques. Une soir\u00e9e exclusive alliant prestige, animations\" \/>\n<meta property=\"og:url\" content=\"https:\/\/mbernshaus.eleves.mediamatique.ch\/evenements-majestueux\/review\/\" \/>\n<meta property=\"og:site_name\" content=\"\u00c9v\u00e9nements Majestueux\" \/>\n<meta property=\"article:modified_time\" content=\"2025-06-20T13:40:54+00:00\" \/>\n<meta name=\"twitter:card\" content=\"summary_large_image\" \/>\n<meta name=\"twitter:label1\" content=\"Dur\u00e9e de lecture estim\u00e9e\" \/>\n\t<meta name=\"twitter:data1\" content=\"2 minutes\" \/>\n<script type=\"application\/ld+json\" class=\"yoast-schema-graph\">{\"@context\":\"https:\/\/schema.org\",\"@graph\":[{\"@type\":\"WebPage\",\"@id\":\"https:\/\/mbernshaus.eleves.mediamatique.ch\/evenements-majestueux\/review\/\",\"url\":\"https:\/\/mbernshaus.eleves.mediamatique.ch\/evenements-majestueux\/review\/\",\"name\":\"Review - \u00c9v\u00e9nements Majestueux\",\"isPartOf\":{\"@id\":\"https:\/\/mbernshaus.eleves.mediamatique.ch\/evenements-majestueux\/#website\"},\"datePublished\":\"2025-06-20T09:22:35+00:00\",\"dateModified\":\"2025-06-20T13:40:54+00:00\",\"breadcrumb\":{\"@id\":\"https:\/\/mbernshaus.eleves.mediamatique.ch\/evenements-majestueux\/review\/#breadcrumb\"},\"inLanguage\":\"fr-FR\",\"potentialAction\":[{\"@type\":\"ReadAction\",\"target\":[\"https:\/\/mbernshaus.eleves.mediamatique.ch\/evenements-majestueux\/review\/\"]}]},{\"@type\":\"BreadcrumbList\",\"@id\":\"https:\/\/mbernshaus.eleves.mediamatique.ch\/evenements-majestueux\/review\/#breadcrumb\",\"itemListElement\":[{\"@type\":\"ListItem\",\"position\":1,\"name\":\"Accueil\",\"item\":\"https:\/\/mbernshaus.eleves.mediamatique.ch\/evenements-majestueux\/\"},{\"@type\":\"ListItem\",\"position\":2,\"name\":\"Review\"}]},{\"@type\":\"WebSite\",\"@id\":\"https:\/\/mbernshaus.eleves.mediamatique.ch\/evenements-majestueux\/#website\",\"url\":\"https:\/\/mbernshaus.eleves.mediamatique.ch\/evenements-majestueux\/\",\"name\":\"\u00c9v\u00e9nements Majestueux\",\"description\":\"Orchestrez vos moments royaux !\",\"publisher\":{\"@id\":\"https:\/\/mbernshaus.eleves.mediamatique.ch\/evenements-majestueux\/#organization\"},\"potentialAction\":[{\"@type\":\"SearchAction\",\"target\":{\"@type\":\"EntryPoint\",\"urlTemplate\":\"https:\/\/mbernshaus.eleves.mediamatique.ch\/evenements-majestueux\/?s={search_term_string}\"},\"query-input\":{\"@type\":\"PropertyValueSpecification\",\"valueRequired\":true,\"valueName\":\"search_term_string\"}}],\"inLanguage\":\"fr-FR\"},{\"@type\":\"Organization\",\"@id\":\"https:\/\/mbernshaus.eleves.mediamatique.ch\/evenements-majestueux\/#organization\",\"name\":\"\u00c9v\u00e9nements Majestueux\",\"url\":\"https:\/\/mbernshaus.eleves.mediamatique.ch\/evenements-majestueux\/\",\"logo\":{\"@type\":\"ImageObject\",\"inLanguage\":\"fr-FR\",\"@id\":\"https:\/\/mbernshaus.eleves.mediamatique.ch\/evenements-majestueux\/#\/schema\/logo\/image\/\",\"url\":\"https:\/\/mbernshaus.eleves.mediamatique.ch\/evenements-majestueux\/wp-content\/uploads\/2025\/06\/logo_evenements_majestueux.png\",\"contentUrl\":\"https:\/\/mbernshaus.eleves.mediamatique.ch\/evenements-majestueux\/wp-content\/uploads\/2025\/06\/logo_evenements_majestueux.png\",\"width\":500,\"height\":500,\"caption\":\"\u00c9v\u00e9nements Majestueux\"},\"image\":{\"@id\":\"https:\/\/mbernshaus.eleves.mediamatique.ch\/evenements-majestueux\/#\/schema\/logo\/image\/\"}}]}<\/script>\n<!-- \/ Yoast SEO plugin. -->","yoast_head_json":{"title":"Review - \u00c9v\u00e9nements Majestueux","robots":{"index":"noindex","follow":"follow","max-snippet":"max-snippet:-1","max-image-preview":"max-image-preview:large","max-video-preview":"max-video-preview:-1"},"og_locale":"fr_FR","og_type":"article","og_title":"Review - \u00c9v\u00e9nements Majestueux","og_description":"Un succ\u00e8s imm\u00e9diat lors de chaque \u00e9v\u00e9nement : le tr\u00f4ne gonflable dor\u00e9 fait sensation et cr\u00e9e des souvenirs uniques. Une soir\u00e9e exclusive alliant prestige, animations","og_url":"https:\/\/mbernshaus.eleves.mediamatique.ch\/evenements-majestueux\/review\/","og_site_name":"\u00c9v\u00e9nements Majestueux","article_modified_time":"2025-06-20T13:40:54+00:00","twitter_card":"summary_large_image","twitter_misc":{"Dur\u00e9e de lecture estim\u00e9e":"2 minutes"},"schema":{"@context":"https:\/\/schema.org","@graph":[{"@type":"WebPage","@id":"https:\/\/mbernshaus.eleves.mediamatique.ch\/evenements-majestueux\/review\/","url":"https:\/\/mbernshaus.eleves.mediamatique.ch\/evenements-majestueux\/review\/","name":"Review - \u00c9v\u00e9nements Majestueux","isPartOf":{"@id":"https:\/\/mbernshaus.eleves.mediamatique.ch\/evenements-majestueux\/#website"},"datePublished":"2025-06-20T09:22:35+00:00","dateModified":"2025-06-20T13:40:54+00:00","breadcrumb":{"@id":"https:\/\/mbernshaus.eleves.mediamatique.ch\/evenements-majestueux\/review\/#breadcrumb"},"inLanguage":"fr-FR","potentialAction":[{"@type":"ReadAction","target":["https:\/\/mbernshaus.eleves.mediamatique.ch\/evenements-majestueux\/review\/"]}]},{"@type":"BreadcrumbList","@id":"https:\/\/mbernshaus.eleves.mediamatique.ch\/evenements-majestueux\/review\/#breadcrumb","itemListElement":[{"@type":"ListItem","position":1,"name":"Accueil","item":"https:\/\/mbernshaus.eleves.mediamatique.ch\/evenements-majestueux\/"},{"@type":"ListItem","position":2,"name":"Review"}]},{"@type":"WebSite","@id":"https:\/\/mbernshaus.eleves.mediamatique.ch\/evenements-majestueux\/#website","url":"https:\/\/mbernshaus.eleves.mediamatique.ch\/evenements-majestueux\/","name":"\u00c9v\u00e9nements Majestueux","description":"Orchestrez vos moments royaux !","publisher":{"@id":"https:\/\/mbernshaus.eleves.mediamatique.ch\/evenements-majestueux\/#organization"},"potentialAction":[{"@type":"SearchAction","target":{"@type":"EntryPoint","urlTemplate":"https:\/\/mbernshaus.eleves.mediamatique.ch\/evenements-majestueux\/?s={search_term_string}"},"query-input":{"@type":"PropertyValueSpecification","valueRequired":true,"valueName":"search_term_string"}}],"inLanguage":"fr-FR"},{"@type":"Organization","@id":"https:\/\/mbernshaus.eleves.mediamatique.ch\/evenements-majestueux\/#organization","name":"\u00c9v\u00e9nements Majestueux","url":"https:\/\/mbernshaus.eleves.mediamatique.ch\/evenements-majestueux\/","logo":{"@type":"ImageObject","inLanguage":"fr-FR","@id":"https:\/\/mbernshaus.eleves.mediamatique.ch\/evenements-majestueux\/#\/schema\/logo\/image\/","url":"https:\/\/mbernshaus.eleves.mediamatique.ch\/evenements-majestueux\/wp-content\/uploads\/2025\/06\/logo_evenements_majestueux.png","contentUrl":"https:\/\/mbernshaus.eleves.mediamatique.ch\/evenements-majestueux\/wp-content\/uploads\/2025\/06\/logo_evenements_majestueux.png","width":500,"height":500,"caption":"\u00c9v\u00e9nements Majestueux"},"image":{"@id":"https:\/\/mbernshaus.eleves.mediamatique.ch\/evenements-majestueux\/#\/schema\/logo\/image\/"}}]}},"_links":{"self":[{"href":"https:\/\/mbernshaus.eleves.mediamatique.ch\/evenements-majestueux\/wp-json\/wp\/v2\/pages\/255","targetHints":{"allow":["GET"]}}],"collection":[{"href":"https:\/\/mbernshaus.eleves.mediamatique.ch\/evenements-majestueux\/wp-json\/wp\/v2\/pages"}],"about":[{"href":"https:\/\/mbernshaus.eleves.mediamatique.ch\/evenements-majestueux\/wp-json\/wp\/v2\/types\/page"}],"author":[{"embeddable":true,"href":"https:\/\/mbernshaus.eleves.mediamatique.ch\/evenements-majestueux\/wp-json\/wp\/v2\/users\/1"}],"replies":[{"embeddable":true,"href":"https:\/\/mbernshaus.eleves.mediamatique.ch\/evenements-majestueux\/wp-json\/wp\/v2\/comments?post=255"}],"version-history":[{"count":28,"href":"https:\/\/mbernshaus.eleves.mediamatique.ch\/evenements-majestueux\/wp-json\/wp\/v2\/pages\/255\/revisions"}],"predecessor-version":[{"id":344,"href":"https:\/\/mbernshaus.eleves.mediamatique.ch\/evenements-majestueux\/wp-json\/wp\/v2\/pages\/255\/revisions\/344"}],"wp:attachment":[{"href":"https:\/\/mbernshaus.eleves.mediamatique.ch\/evenements-majestueux\/wp-json\/wp\/v2\/media?parent=255"}],"curies":[{"name":"wp","href":"https:\/\/api.w.org\/{rel}","templated":true}]}}