{"id":22,"date":"2025-06-19T08:46:10","date_gmt":"2025-06-19T06:46:10","guid":{"rendered":"https:\/\/mbernshaus.eleves.mediamatique.ch\/evenements-majestueux\/?page_id=22"},"modified":"2025-06-20T10:54:19","modified_gmt":"2025-06-20T08:54:19","slug":"a-propos","status":"publish","type":"page","link":"https:\/\/mbernshaus.eleves.mediamatique.ch\/evenements-majestueux\/a-propos\/","title":{"rendered":"\u00c0 propos"},"content":{"rendered":"\t\t<div data-elementor-type=\"wp-page\" data-elementor-id=\"22\" class=\"elementor elementor-22\" data-elementor-post-type=\"page\">\n\t\t\t\t<div class=\"elementor-element elementor-element-e16b173 e-flex e-con-boxed e-con e-parent\" data-id=\"e16b173\" data-element_type=\"container\">\n\t\t\t\t\t<div class=\"e-con-inner\">\n\t\t\t\t<div class=\"elementor-element elementor-element-28fbd37 elementor-widget elementor-widget-heading\" data-id=\"28fbd37\" data-element_type=\"widget\" data-widget_type=\"heading.default\">\n\t\t\t\t<div class=\"elementor-widget-container\">\n\t\t\t\t\t<h2 class=\"elementor-heading-title elementor-size-default\">Qui sommes-nous ?<\/h2>\t\t\t\t<\/div>\n\t\t\t\t<\/div>\n\t\t\t\t\t<\/div>\n\t\t\t\t<\/div>\n\t\t<div class=\"elementor-element elementor-element-229331c e-flex e-con-boxed e-con e-parent\" data-id=\"229331c\" data-element_type=\"container\">\n\t\t\t\t\t<div class=\"e-con-inner\">\n\t\t\t\t<div class=\"elementor-element elementor-element-d306675 elementor-widget elementor-widget-heading\" data-id=\"d306675\" data-element_type=\"widget\" data-widget_type=\"heading.default\">\n\t\t\t\t<div class=\"elementor-widget-container\">\n\t\t\t\t\t<h2 class=\"elementor-heading-title elementor-size-default\">Notre Histoire<\/h2>\t\t\t\t<\/div>\n\t\t\t\t<\/div>\n\t\t<div class=\"elementor-element elementor-element-b2cf817 e-con-full e-flex e-con e-child\" data-id=\"b2cf817\" data-element_type=\"container\">\n\t\t<div class=\"elementor-element elementor-element-3be5d09 e-con-full e-flex e-con e-child\" data-id=\"3be5d09\" data-element_type=\"container\">\n\t\t\t\t<div class=\"elementor-element elementor-element-483b417 elementor-widget elementor-widget-text-editor\" data-id=\"483b417\" data-element_type=\"widget\" data-widget_type=\"text-editor.default\">\n\t\t\t\t<div class=\"elementor-widget-container\">\n\t\t\t\t\t\t\t\t\t<p data-start=\"217\" data-end=\"501\"><strong data-start=\"217\" data-end=\"242\">\u00c9v\u00e9nements Majestueux<\/strong> est n\u00e9e d\u2019une passion commune : transformer chaque \u00e9v\u00e9nement en un v\u00e9ritable conte de f\u00e9es. Fond\u00e9e par un duo d\u2019organisateurs passionn\u00e9s d\u2019histoire, de d\u00e9coration royale et de sc\u00e9nographies grandioses, l\u2019agence a su imposer un style unique en Suisse romande.<\/p><p data-start=\"217\" data-end=\"501\">Install\u00e9s \u00e0 Grandson, au c\u0153ur des paysages f\u00e9\u00e9riques du lac de Neuch\u00e2tel, nous mettons en sc\u00e8ne des mariages princiers, des galas d\u2019entreprise somptueux et des animations in\u00e9dites dans les lieux historiques de la r\u00e9gion. Chaque d\u00e9tail est pens\u00e9 pour transporter nos clients et leurs invit\u00e9s dans un univers d\u2019\u00e9l\u00e9gance et de raffinement.<\/p>\t\t\t\t\t\t\t\t<\/div>\n\t\t\t\t<\/div>\n\t\t\t\t<\/div>\n\t\t<div class=\"elementor-element elementor-element-c6fddc2 e-con-full e-flex e-con e-child\" data-id=\"c6fddc2\" data-element_type=\"container\">\n\t\t\t\t<div class=\"elementor-element elementor-element-4fd54cc elementor-widget elementor-widget-image\" data-id=\"4fd54cc\" data-element_type=\"widget\" data-widget_type=\"image.default\">\n\t\t\t\t<div class=\"elementor-widget-container\">\n\t\t\t\t\t\t\t\t\t\t\t\t\t\t\t<img fetchpriority=\"high\" decoding=\"async\" width=\"800\" height=\"600\" src=\"https:\/\/mbernshaus.eleves.mediamatique.ch\/evenements-majestueux\/wp-content\/uploads\/2025\/06\/grandson-chateau-83.jpg\" class=\"attachment-large size-large wp-image-183\" alt=\"\" srcset=\"https:\/\/mbernshaus.eleves.mediamatique.ch\/evenements-majestueux\/wp-content\/uploads\/2025\/06\/grandson-chateau-83.jpg 1023w, https:\/\/mbernshaus.eleves.mediamatique.ch\/evenements-majestueux\/wp-content\/uploads\/2025\/06\/grandson-chateau-83-300x225.jpg 300w, https:\/\/mbernshaus.eleves.mediamatique.ch\/evenements-majestueux\/wp-content\/uploads\/2025\/06\/grandson-chateau-83-768x576.jpg 768w, https:\/\/mbernshaus.eleves.mediamatique.ch\/evenements-majestueux\/wp-content\/uploads\/2025\/06\/grandson-chateau-83-600x450.jpg 600w\" sizes=\"(max-width: 800px) 100vw, 800px\" \/>\t\t\t\t\t\t\t\t\t\t\t\t\t\t\t<\/div>\n\t\t\t\t<\/div>\n\t\t\t\t<\/div>\n\t\t\t\t<\/div>\n\t\t\t\t<div class=\"elementor-element elementor-element-1be2b41 elementor-widget elementor-widget-heading\" data-id=\"1be2b41\" data-element_type=\"widget\" data-widget_type=\"heading.default\">\n\t\t\t\t<div class=\"elementor-widget-container\">\n\t\t\t\t\t<h2 class=\"elementor-heading-title elementor-size-default\">Notre Mission<\/h2>\t\t\t\t<\/div>\n\t\t\t\t<\/div>\n\t\t\t\t<div class=\"elementor-element elementor-element-92125eb elementor-widget elementor-widget-text-editor\" data-id=\"92125eb\" data-element_type=\"widget\" data-widget_type=\"text-editor.default\">\n\t\t\t\t<div class=\"elementor-widget-container\">\n\t\t\t\t\t\t\t\t\t<p>Notre mission est simple : cr\u00e9er des souvenirs inoubliables. Gr\u00e2ce \u00e0 une combinaison subtile de tradition et de modernit\u00e9, nous proposons des prestations enti\u00e8rement personnalis\u00e9es, o\u00f9 chaque client devient le roi ou la reine de son propre \u00e9v\u00e9nement.<\/p>\t\t\t\t\t\t\t\t<\/div>\n\t\t\t\t<\/div>\n\t\t\t\t<div class=\"elementor-element elementor-element-d11c93a elementor-widget elementor-widget-heading\" data-id=\"d11c93a\" data-element_type=\"widget\" data-widget_type=\"heading.default\">\n\t\t\t\t<div class=\"elementor-widget-container\">\n\t\t\t\t\t<h2 class=\"elementor-heading-title elementor-size-default\">Pourquoi nous choisir ?<\/h2>\t\t\t\t<\/div>\n\t\t\t\t<\/div>\n\t\t\t\t\t<\/div>\n\t\t\t\t<\/div>\n\t\t<div class=\"elementor-element elementor-element-e3dea86 e-flex e-con-boxed e-con e-parent\" data-id=\"e3dea86\" data-element_type=\"container\">\n\t\t\t\t\t<div class=\"e-con-inner\">\n\t\t<div class=\"elementor-element elementor-element-8d7afc6 e-con-full e-flex e-con e-child\" data-id=\"8d7afc6\" data-element_type=\"container\">\n\t\t\t\t<div class=\"elementor-element elementor-element-21accbf elementor-widget elementor-widget-image\" data-id=\"21accbf\" data-element_type=\"widget\" data-widget_type=\"image.default\">\n\t\t\t\t<div class=\"elementor-widget-container\">\n\t\t\t\t\t\t\t\t\t\t\t\t\t\t\t<img decoding=\"async\" width=\"800\" height=\"466\" src=\"https:\/\/mbernshaus.eleves.mediamatique.ch\/evenements-majestueux\/wp-content\/uploads\/2025\/06\/076-IPAA-IWD-Gala-Dinner-08Mar22-1200x700-1-1024x597.jpg\" class=\"attachment-large size-large wp-image-194\" alt=\"\" srcset=\"https:\/\/mbernshaus.eleves.mediamatique.ch\/evenements-majestueux\/wp-content\/uploads\/2025\/06\/076-IPAA-IWD-Gala-Dinner-08Mar22-1200x700-1-1024x597.jpg 1024w, https:\/\/mbernshaus.eleves.mediamatique.ch\/evenements-majestueux\/wp-content\/uploads\/2025\/06\/076-IPAA-IWD-Gala-Dinner-08Mar22-1200x700-1-300x175.jpg 300w, https:\/\/mbernshaus.eleves.mediamatique.ch\/evenements-majestueux\/wp-content\/uploads\/2025\/06\/076-IPAA-IWD-Gala-Dinner-08Mar22-1200x700-1-768x448.jpg 768w, https:\/\/mbernshaus.eleves.mediamatique.ch\/evenements-majestueux\/wp-content\/uploads\/2025\/06\/076-IPAA-IWD-Gala-Dinner-08Mar22-1200x700-1-600x350.jpg 600w, https:\/\/mbernshaus.eleves.mediamatique.ch\/evenements-majestueux\/wp-content\/uploads\/2025\/06\/076-IPAA-IWD-Gala-Dinner-08Mar22-1200x700-1.jpg 1200w\" sizes=\"(max-width: 800px) 100vw, 800px\" \/>\t\t\t\t\t\t\t\t\t\t\t\t\t\t\t<\/div>\n\t\t\t\t<\/div>\n\t\t\t\t<\/div>\n\t\t<div class=\"elementor-element elementor-element-56f3287 e-con-full e-flex e-con e-child\" data-id=\"56f3287\" data-element_type=\"container\">\n\t\t\t\t<div class=\"elementor-element elementor-element-da3457e elementor-widget elementor-widget-text-editor\" data-id=\"da3457e\" data-element_type=\"widget\" data-widget_type=\"text-editor.default\">\n\t\t\t\t<div class=\"elementor-widget-container\">\n\t\t\t\t\t\t\t\t\t<ul><li data-start=\"1181\" data-end=\"1254\"><p data-start=\"1183\" data-end=\"1254\"><strong data-start=\"1183\" data-end=\"1209\">Des d\u00e9cors d&rsquo;exception<\/strong> dans des salles historiques et des ch\u00e2teaux.<\/p><\/li><li data-start=\"1255\" data-end=\"1359\"><p data-start=\"1257\" data-end=\"1359\"><strong data-start=\"1257\" data-end=\"1286\">Des animations originales<\/strong> : photobooths royaux, joutes m\u00e9di\u00e9vales, chasses au tr\u00e9sor interactives.<\/p><\/li><li data-start=\"1255\" data-end=\"1359\"><p data-start=\"1257\" data-end=\"1359\"><strong style=\"background-color: transparent;\" data-start=\"1362\" data-end=\"1394\">Un accompagnement sur-mesure<\/strong><span style=\"background-color: transparent;\">, du premier rendez-vous jusqu\u2019au jour J.<\/span><\/p><\/li><\/ul><ul><li data-start=\"1436\" data-end=\"1489\"><p data-start=\"1438\" data-end=\"1489\"><strong data-start=\"1438\" data-end=\"1463\">Une \u00e9quipe passionn\u00e9e<\/strong> par l\u2019art de l\u2019\u00e9v\u00e9nement.<\/p><\/li><\/ul>\t\t\t\t\t\t\t\t<\/div>\n\t\t\t\t<\/div>\n\t\t\t\t<\/div>\n\t\t\t\t\t<\/div>\n\t\t\t\t<\/div>\n\t\t<div class=\"elementor-element elementor-element-3b60dad e-flex e-con-boxed e-con e-parent\" data-id=\"3b60dad\" data-element_type=\"container\">\n\t\t\t\t\t<div class=\"e-con-inner\">\n\t\t\t\t<div class=\"elementor-element elementor-element-bac296d elementor-align-center elementor-widget elementor-widget-button\" data-id=\"bac296d\" data-element_type=\"widget\" data-widget_type=\"button.default\">\n\t\t\t\t<div class=\"elementor-widget-container\">\n\t\t\t\t\t\t\t\t\t<div class=\"elementor-button-wrapper\">\n\t\t\t\t\t<a class=\"elementor-button elementor-button-link elementor-size-sm\" href=\"https:\/\/mbernshaus.eleves.mediamatique.ch\/evenements-majestueux\/contact\/\">\n\t\t\t\t\t\t<span class=\"elementor-button-content-wrapper\">\n\t\t\t\t\t\t\t\t\t<span class=\"elementor-button-text\">Contactez-nous pour un rendez-vous royal<\/span>\n\t\t\t\t\t<\/span>\n\t\t\t\t\t<\/a>\n\t\t\t\t<\/div>\n\t\t\t\t\t\t\t\t<\/div>\n\t\t\t\t<\/div>\n\t\t\t\t\t<\/div>\n\t\t\t\t<\/div>\n\t\t\t\t<\/div>\n\t\t","protected":false},"excerpt":{"rendered":"<p>Qui sommes-nous ? Notre Histoire \u00c9v\u00e9nements Majestueux est n\u00e9e d\u2019une passion commune : transformer chaque \u00e9v\u00e9nement en un v\u00e9ritable conte de f\u00e9es. Fond\u00e9e par un duo d\u2019organisateurs passionn\u00e9s d\u2019histoire, de d\u00e9coration royale et de sc\u00e9nographies grandioses, l\u2019agence a su imposer un style unique en Suisse romande. Install\u00e9s \u00e0 Grandson, au c\u0153ur des paysages f\u00e9\u00e9riques du [&hellip;]<\/p>\n","protected":false},"author":1,"featured_media":0,"parent":0,"menu_order":0,"comment_status":"closed","ping_status":"closed","template":"","meta":{"footnotes":""},"class_list":["post-22","page","type-page","status-publish","hentry"],"yoast_head":"<!-- This site is optimized with the Yoast SEO plugin v25.3.1 - https:\/\/yoast.com\/wordpress\/plugins\/seo\/ -->\n<title>\u00c0 propos - \u00c9v\u00e9nements Majestueux<\/title>\n<meta name=\"robots\" content=\"noindex, follow, max-snippet:-1, max-image-preview:large, max-video-preview:-1\" \/>\n<meta property=\"og:locale\" content=\"fr_FR\" \/>\n<meta property=\"og:type\" content=\"article\" \/>\n<meta property=\"og:title\" content=\"\u00c0 propos - \u00c9v\u00e9nements Majestueux\" \/>\n<meta property=\"og:description\" content=\"Qui sommes-nous ? Notre Histoire \u00c9v\u00e9nements Majestueux est n\u00e9e d\u2019une passion commune : transformer chaque \u00e9v\u00e9nement en un v\u00e9ritable conte de f\u00e9es. Fond\u00e9e par un duo d\u2019organisateurs passionn\u00e9s d\u2019histoire, de d\u00e9coration royale et de sc\u00e9nographies grandioses, l\u2019agence a su imposer un style unique en Suisse romande. Install\u00e9s \u00e0 Grandson, au c\u0153ur des paysages f\u00e9\u00e9riques du [&hellip;]\" \/>\n<meta property=\"og:url\" content=\"https:\/\/mbernshaus.eleves.mediamatique.ch\/evenements-majestueux\/a-propos\/\" \/>\n<meta property=\"og:site_name\" content=\"\u00c9v\u00e9nements Majestueux\" \/>\n<meta property=\"article:modified_time\" content=\"2025-06-20T08:54:19+00:00\" \/>\n<meta property=\"og:image\" content=\"https:\/\/mbernshaus.eleves.mediamatique.ch\/evenements-majestueux\/wp-content\/uploads\/2025\/06\/grandson-chateau-83.jpg\" \/>\n<meta name=\"twitter:card\" content=\"summary_large_image\" \/>\n<meta name=\"twitter:label1\" content=\"Dur\u00e9e de lecture estim\u00e9e\" \/>\n\t<meta name=\"twitter:data1\" content=\"1 minute\" \/>\n<script type=\"application\/ld+json\" class=\"yoast-schema-graph\">{\"@context\":\"https:\/\/schema.org\",\"@graph\":[{\"@type\":\"WebPage\",\"@id\":\"https:\/\/mbernshaus.eleves.mediamatique.ch\/evenements-majestueux\/a-propos\/\",\"url\":\"https:\/\/mbernshaus.eleves.mediamatique.ch\/evenements-majestueux\/a-propos\/\",\"name\":\"\u00c0 propos - \u00c9v\u00e9nements Majestueux\",\"isPartOf\":{\"@id\":\"https:\/\/mbernshaus.eleves.mediamatique.ch\/evenements-majestueux\/#website\"},\"primaryImageOfPage\":{\"@id\":\"https:\/\/mbernshaus.eleves.mediamatique.ch\/evenements-majestueux\/a-propos\/#primaryimage\"},\"image\":{\"@id\":\"https:\/\/mbernshaus.eleves.mediamatique.ch\/evenements-majestueux\/a-propos\/#primaryimage\"},\"thumbnailUrl\":\"https:\/\/mbernshaus.eleves.mediamatique.ch\/evenements-majestueux\/wp-content\/uploads\/2025\/06\/grandson-chateau-83.jpg\",\"datePublished\":\"2025-06-19T06:46:10+00:00\",\"dateModified\":\"2025-06-20T08:54:19+00:00\",\"breadcrumb\":{\"@id\":\"https:\/\/mbernshaus.eleves.mediamatique.ch\/evenements-majestueux\/a-propos\/#breadcrumb\"},\"inLanguage\":\"fr-FR\",\"potentialAction\":[{\"@type\":\"ReadAction\",\"target\":[\"https:\/\/mbernshaus.eleves.mediamatique.ch\/evenements-majestueux\/a-propos\/\"]}]},{\"@type\":\"ImageObject\",\"inLanguage\":\"fr-FR\",\"@id\":\"https:\/\/mbernshaus.eleves.mediamatique.ch\/evenements-majestueux\/a-propos\/#primaryimage\",\"url\":\"https:\/\/mbernshaus.eleves.mediamatique.ch\/evenements-majestueux\/wp-content\/uploads\/2025\/06\/grandson-chateau-83.jpg\",\"contentUrl\":\"https:\/\/mbernshaus.eleves.mediamatique.ch\/evenements-majestueux\/wp-content\/uploads\/2025\/06\/grandson-chateau-83.jpg\",\"width\":1023,\"height\":767},{\"@type\":\"BreadcrumbList\",\"@id\":\"https:\/\/mbernshaus.eleves.mediamatique.ch\/evenements-majestueux\/a-propos\/#breadcrumb\",\"itemListElement\":[{\"@type\":\"ListItem\",\"position\":1,\"name\":\"Accueil\",\"item\":\"https:\/\/mbernshaus.eleves.mediamatique.ch\/evenements-majestueux\/\"},{\"@type\":\"ListItem\",\"position\":2,\"name\":\"\u00c0 propos\"}]},{\"@type\":\"WebSite\",\"@id\":\"https:\/\/mbernshaus.eleves.mediamatique.ch\/evenements-majestueux\/#website\",\"url\":\"https:\/\/mbernshaus.eleves.mediamatique.ch\/evenements-majestueux\/\",\"name\":\"\u00c9v\u00e9nements Majestueux\",\"description\":\"Orchestrez vos moments royaux !\",\"publisher\":{\"@id\":\"https:\/\/mbernshaus.eleves.mediamatique.ch\/evenements-majestueux\/#organization\"},\"potentialAction\":[{\"@type\":\"SearchAction\",\"target\":{\"@type\":\"EntryPoint\",\"urlTemplate\":\"https:\/\/mbernshaus.eleves.mediamatique.ch\/evenements-majestueux\/?s={search_term_string}\"},\"query-input\":{\"@type\":\"PropertyValueSpecification\",\"valueRequired\":true,\"valueName\":\"search_term_string\"}}],\"inLanguage\":\"fr-FR\"},{\"@type\":\"Organization\",\"@id\":\"https:\/\/mbernshaus.eleves.mediamatique.ch\/evenements-majestueux\/#organization\",\"name\":\"\u00c9v\u00e9nements Majestueux\",\"url\":\"https:\/\/mbernshaus.eleves.mediamatique.ch\/evenements-majestueux\/\",\"logo\":{\"@type\":\"ImageObject\",\"inLanguage\":\"fr-FR\",\"@id\":\"https:\/\/mbernshaus.eleves.mediamatique.ch\/evenements-majestueux\/#\/schema\/logo\/image\/\",\"url\":\"https:\/\/mbernshaus.eleves.mediamatique.ch\/evenements-majestueux\/wp-content\/uploads\/2025\/06\/logo_evenements_majestueux.png\",\"contentUrl\":\"https:\/\/mbernshaus.eleves.mediamatique.ch\/evenements-majestueux\/wp-content\/uploads\/2025\/06\/logo_evenements_majestueux.png\",\"width\":500,\"height\":500,\"caption\":\"\u00c9v\u00e9nements Majestueux\"},\"image\":{\"@id\":\"https:\/\/mbernshaus.eleves.mediamatique.ch\/evenements-majestueux\/#\/schema\/logo\/image\/\"}}]}<\/script>\n<!-- \/ Yoast SEO plugin. -->","yoast_head_json":{"title":"\u00c0 propos - \u00c9v\u00e9nements Majestueux","robots":{"index":"noindex","follow":"follow","max-snippet":"max-snippet:-1","max-image-preview":"max-image-preview:large","max-video-preview":"max-video-preview:-1"},"og_locale":"fr_FR","og_type":"article","og_title":"\u00c0 propos - \u00c9v\u00e9nements Majestueux","og_description":"Qui sommes-nous ? Notre Histoire \u00c9v\u00e9nements Majestueux est n\u00e9e d\u2019une passion commune : transformer chaque \u00e9v\u00e9nement en un v\u00e9ritable conte de f\u00e9es. Fond\u00e9e par un duo d\u2019organisateurs passionn\u00e9s d\u2019histoire, de d\u00e9coration royale et de sc\u00e9nographies grandioses, l\u2019agence a su imposer un style unique en Suisse romande. Install\u00e9s \u00e0 Grandson, au c\u0153ur des paysages f\u00e9\u00e9riques du [&hellip;]","og_url":"https:\/\/mbernshaus.eleves.mediamatique.ch\/evenements-majestueux\/a-propos\/","og_site_name":"\u00c9v\u00e9nements Majestueux","article_modified_time":"2025-06-20T08:54:19+00:00","og_image":[{"url":"https:\/\/mbernshaus.eleves.mediamatique.ch\/evenements-majestueux\/wp-content\/uploads\/2025\/06\/grandson-chateau-83.jpg","type":"","width":"","height":""}],"twitter_card":"summary_large_image","twitter_misc":{"Dur\u00e9e de lecture estim\u00e9e":"1 minute"},"schema":{"@context":"https:\/\/schema.org","@graph":[{"@type":"WebPage","@id":"https:\/\/mbernshaus.eleves.mediamatique.ch\/evenements-majestueux\/a-propos\/","url":"https:\/\/mbernshaus.eleves.mediamatique.ch\/evenements-majestueux\/a-propos\/","name":"\u00c0 propos - \u00c9v\u00e9nements Majestueux","isPartOf":{"@id":"https:\/\/mbernshaus.eleves.mediamatique.ch\/evenements-majestueux\/#website"},"primaryImageOfPage":{"@id":"https:\/\/mbernshaus.eleves.mediamatique.ch\/evenements-majestueux\/a-propos\/#primaryimage"},"image":{"@id":"https:\/\/mbernshaus.eleves.mediamatique.ch\/evenements-majestueux\/a-propos\/#primaryimage"},"thumbnailUrl":"https:\/\/mbernshaus.eleves.mediamatique.ch\/evenements-majestueux\/wp-content\/uploads\/2025\/06\/grandson-chateau-83.jpg","datePublished":"2025-06-19T06:46:10+00:00","dateModified":"2025-06-20T08:54:19+00:00","breadcrumb":{"@id":"https:\/\/mbernshaus.eleves.mediamatique.ch\/evenements-majestueux\/a-propos\/#breadcrumb"},"inLanguage":"fr-FR","potentialAction":[{"@type":"ReadAction","target":["https:\/\/mbernshaus.eleves.mediamatique.ch\/evenements-majestueux\/a-propos\/"]}]},{"@type":"ImageObject","inLanguage":"fr-FR","@id":"https:\/\/mbernshaus.eleves.mediamatique.ch\/evenements-majestueux\/a-propos\/#primaryimage","url":"https:\/\/mbernshaus.eleves.mediamatique.ch\/evenements-majestueux\/wp-content\/uploads\/2025\/06\/grandson-chateau-83.jpg","contentUrl":"https:\/\/mbernshaus.eleves.mediamatique.ch\/evenements-majestueux\/wp-content\/uploads\/2025\/06\/grandson-chateau-83.jpg","width":1023,"height":767},{"@type":"BreadcrumbList","@id":"https:\/\/mbernshaus.eleves.mediamatique.ch\/evenements-majestueux\/a-propos\/#breadcrumb","itemListElement":[{"@type":"ListItem","position":1,"name":"Accueil","item":"https:\/\/mbernshaus.eleves.mediamatique.ch\/evenements-majestueux\/"},{"@type":"ListItem","position":2,"name":"\u00c0 propos"}]},{"@type":"WebSite","@id":"https:\/\/mbernshaus.eleves.mediamatique.ch\/evenements-majestueux\/#website","url":"https:\/\/mbernshaus.eleves.mediamatique.ch\/evenements-majestueux\/","name":"\u00c9v\u00e9nements Majestueux","description":"Orchestrez vos moments royaux !","publisher":{"@id":"https:\/\/mbernshaus.eleves.mediamatique.ch\/evenements-majestueux\/#organization"},"potentialAction":[{"@type":"SearchAction","target":{"@type":"EntryPoint","urlTemplate":"https:\/\/mbernshaus.eleves.mediamatique.ch\/evenements-majestueux\/?s={search_term_string}"},"query-input":{"@type":"PropertyValueSpecification","valueRequired":true,"valueName":"search_term_string"}}],"inLanguage":"fr-FR"},{"@type":"Organization","@id":"https:\/\/mbernshaus.eleves.mediamatique.ch\/evenements-majestueux\/#organization","name":"\u00c9v\u00e9nements Majestueux","url":"https:\/\/mbernshaus.eleves.mediamatique.ch\/evenements-majestueux\/","logo":{"@type":"ImageObject","inLanguage":"fr-FR","@id":"https:\/\/mbernshaus.eleves.mediamatique.ch\/evenements-majestueux\/#\/schema\/logo\/image\/","url":"https:\/\/mbernshaus.eleves.mediamatique.ch\/evenements-majestueux\/wp-content\/uploads\/2025\/06\/logo_evenements_majestueux.png","contentUrl":"https:\/\/mbernshaus.eleves.mediamatique.ch\/evenements-majestueux\/wp-content\/uploads\/2025\/06\/logo_evenements_majestueux.png","width":500,"height":500,"caption":"\u00c9v\u00e9nements Majestueux"},"image":{"@id":"https:\/\/mbernshaus.eleves.mediamatique.ch\/evenements-majestueux\/#\/schema\/logo\/image\/"}}]}},"_links":{"self":[{"href":"https:\/\/mbernshaus.eleves.mediamatique.ch\/evenements-majestueux\/wp-json\/wp\/v2\/pages\/22","targetHints":{"allow":["GET"]}}],"collection":[{"href":"https:\/\/mbernshaus.eleves.mediamatique.ch\/evenements-majestueux\/wp-json\/wp\/v2\/pages"}],"about":[{"href":"https:\/\/mbernshaus.eleves.mediamatique.ch\/evenements-majestueux\/wp-json\/wp\/v2\/types\/page"}],"author":[{"embeddable":true,"href":"https:\/\/mbernshaus.eleves.mediamatique.ch\/evenements-majestueux\/wp-json\/wp\/v2\/users\/1"}],"replies":[{"embeddable":true,"href":"https:\/\/mbernshaus.eleves.mediamatique.ch\/evenements-majestueux\/wp-json\/wp\/v2\/comments?post=22"}],"version-history":[{"count":25,"href":"https:\/\/mbernshaus.eleves.mediamatique.ch\/evenements-majestueux\/wp-json\/wp\/v2\/pages\/22\/revisions"}],"predecessor-version":[{"id":238,"href":"https:\/\/mbernshaus.eleves.mediamatique.ch\/evenements-majestueux\/wp-json\/wp\/v2\/pages\/22\/revisions\/238"}],"wp:attachment":[{"href":"https:\/\/mbernshaus.eleves.mediamatique.ch\/evenements-majestueux\/wp-json\/wp\/v2\/media?parent=22"}],"curies":[{"name":"wp","href":"https:\/\/api.w.org\/{rel}","templated":true}]}}